{"id":12010,"date":"2015-11-05T06:29:35","date_gmt":"2015-11-05T13:29:35","guid":{"rendered":"https:\/\/beauty-enhance.com\/pecho-hombres\/"},"modified":"2024-12-08T18:31:35","modified_gmt":"2024-12-09T01:31:35","slug":"pecho-hombres","status":"publish","type":"page","link":"https:\/\/beauty-enhance.com\/es\/procedimientos\/post-perdida-masiva-de-peso\/pecho-hombres\/","title":{"rendered":"Pecho Hombres"},"content":{"rendered":"<div class=\"wpb-content-wrapper\"><p>[vc_row][vc_column][vc_empty_space][vc_column_text]<img data-recalc-dims=\"1\" loading=\"lazy\" decoding=\"async\" class=\"alignleft\" src=\"https:\/\/i0.wp.com\/beauty-enhance.com\/wp-content\/uploads\/2017\/05\/AWL_breast-men.jpg?resize=362%2C417&#038;ssl=1\" alt=\"AWL Breast Men - Ginecomastia\" width=\"362\" height=\"417\"><\/p>\n<p>Ginecomastia\/Reducci\u00f3n de Mamas: Un procedimiento s\u00f3lo para hombres, para eliminar la grasa y\/o el tejido glandular de los senos, con el resultado de un pecho m\u00e1s plano, firme y contorneado.<\/p>\n<p>Para obtener unos resultados \u00f3ptimos, <a href=\"https:\/\/beauty-enhance.com\/es\/dra-carmina-cardenas\/\">el <\/a>Dr. Carmina adapta todos los procedimientos a las necesidades individuales de cada paciente, con el objetivo de restaurar, mantener y acentuar la masculinidad y la fuerza del hombre.<\/p>\n<p>Combinando la capacidad art\u00edstica y la experiencia dla Dra. Carmina con las t\u00e9cnicas m\u00e1s avanzadas, puedes estar seguro de que obtendr\u00e1s los resultados deseados.[\/vc_column_text][\/vc_column][\/vc_row][vc_row row_type=&#8221;row_full_center_content&#8221; border_width=&#8221;0&#8243; margin_top=&#8221;0&#8243; margin_bottom=&#8221;0&#8243; margin_left=&#8221;0&#8243; margin_right=&#8221;0&#8243; padding_top=&#8221;0&#8243; padding_bottom=&#8221;0&#8243; padding_left=&#8221;0&#8243; padding_right=&#8221;0&#8243;][vc_column][vc_empty_space][vc_column_text]<div data-post-id=\"after-weight-loss-menu\" class=\"insert-page insert-page-after-weight-loss-menu \"><\/div>[\/vc_column_text][\/vc_column][\/vc_row]<\/p>\n<\/div>","protected":false},"excerpt":{"rendered":"<p>[vc_row][vc_column][vc_empty_space][vc_column_text] Ginecomastia\/Reducci\u00f3n de Mamas: Un procedimiento s\u00f3lo para hombres, para eliminar la grasa y\/o el tejido glandular de los senos, con el resultado de un pecho m\u00e1s plano, firme y contorneado. Para obtener unos resultados \u00f3ptimos, el Dr. Carmina adapta todos los procedimientos a las necesidades individuales de cada paciente, con el objetivo de restaurar, [&hellip;]<\/p>\n","protected":false},"author":1,"featured_media":11570,"parent":12108,"menu_order":0,"comment_status":"closed","ping_status":"closed","template":"page-right-sidebar.php","meta":{"_acf_changed":false,"inline_featured_image":false,"footnotes":""},"class_list":["post-12010","page","type-page","status-publish","has-post-thumbnail","hentry"],"acf":[],"aioseo_notices":[],"jetpack_sharing_enabled":true,"_links":{"self":[{"href":"https:\/\/beauty-enhance.com\/es\/wp-json\/wp\/v2\/pages\/12010","targetHints":{"allow":["GET"]}}],"collection":[{"href":"https:\/\/beauty-enhance.com\/es\/wp-json\/wp\/v2\/pages"}],"about":[{"href":"https:\/\/beauty-enhance.com\/es\/wp-json\/wp\/v2\/types\/page"}],"author":[{"embeddable":true,"href":"https:\/\/beauty-enhance.com\/es\/wp-json\/wp\/v2\/users\/1"}],"replies":[{"embeddable":true,"href":"https:\/\/beauty-enhance.com\/es\/wp-json\/wp\/v2\/comments?post=12010"}],"version-history":[{"count":3,"href":"https:\/\/beauty-enhance.com\/es\/wp-json\/wp\/v2\/pages\/12010\/revisions"}],"predecessor-version":[{"id":12605,"href":"https:\/\/beauty-enhance.com\/es\/wp-json\/wp\/v2\/pages\/12010\/revisions\/12605"}],"up":[{"embeddable":true,"href":"https:\/\/beauty-enhance.com\/es\/wp-json\/wp\/v2\/pages\/12108"}],"wp:featuredmedia":[{"embeddable":true,"href":"https:\/\/beauty-enhance.com\/es\/wp-json\/wp\/v2\/media\/11570"}],"wp:attachment":[{"href":"https:\/\/beauty-enhance.com\/es\/wp-json\/wp\/v2\/media?parent=12010"}],"curies":[{"name":"wp","href":"https:\/\/api.w.org\/{rel}","templated":true}]}}