{"id":12025,"date":"2015-11-05T06:29:35","date_gmt":"2015-11-05T14:29:35","guid":{"rendered":"https:\/\/beauty-enhance.com\/senos-mujeres\/"},"modified":"2024-12-25T21:40:23","modified_gmt":"2024-12-26T05:40:23","slug":"senos-mujeres","status":"publish","type":"page","link":"https:\/\/beauty-enhance.com\/es\/procedimientos\/contorno-corporal\/senos-mujeres\/","title":{"rendered":"Senos Mujeres"},"content":{"rendered":"<div class=\"wpb-content-wrapper\"><p>[vc_row][vc_column width=&#8221;3\/4&#8243;][vc_empty_space][vc_column_text css=&#8221;&#8221;]<span style=\"color: #59365b;\"><img data-recalc-dims=\"1\" loading=\"lazy\" decoding=\"async\" class=\"alignleft wp-image-4726 size-full\" src=\"https:\/\/i0.wp.com\/beauty-enhance.com\/wp-content\/uploads\/2017\/05\/breast-surgery_breast-augmentation.jpg?resize=362%2C417&#038;ssl=1\" alt=\"\" width=\"362\" height=\"417\" srcset=\"https:\/\/i0.wp.com\/beauty-enhance.com\/wp-content\/uploads\/2017\/05\/breast-surgery_breast-augmentation.jpg?w=362&amp;ssl=1 362w, https:\/\/i0.wp.com\/beauty-enhance.com\/wp-content\/uploads\/2017\/05\/breast-surgery_breast-augmentation.jpg?resize=260%2C300&amp;ssl=1 260w\" sizes=\"auto, (max-width: 362px) 100vw, 362px\" \/><\/span><\/p>\n<p><span style=\"font-weight: 400;\">Muchas mujeres experimentan cambios en sus pechos debido al envejecimiento, la gravedad, el embarazo o la p\u00e9rdida de peso. Los senos pueden perder su forma juvenil, firmeza, volumen, posici\u00f3n y empezar a descolgarse y caer. <\/span><\/p>\n<p><span style=\"font-weight: 400;\"><strong>Las mujeres desean entonces cambiar el tama\u00f1o y\/o la forma de sus pechos<\/strong> para crear unos pechos m\u00e1s juveniles con los que han so\u00f1ado, aumentando su confianza, belleza y sexualidad.<\/span><\/p>\n<p><b>La Dra. Carmina ofrece cuatro opciones<\/b><span style=\"font-weight: 400;\">: <a href=\"https:\/\/beauty-enhance.com\/procedures\/breast-surgery\/breast-augmentation\/\">Aumento mamario<\/a>, <a href=\"https:\/\/beauty-enhance.com\/procedures\/breast-surgery\/breast-lift\/\">Levantamiento mamaria<\/a>, <a href=\"https:\/\/beauty-enhance.com\/procedures\/breast-surgery\/breast-reduction\/\">Reducci\u00f3n mamaria<\/a> y <a href=\"https:\/\/beauty-enhance.com\/procedures\/breast-surgery\/capsulectomy-change-of-implants\/\">Capsulectom\u00eda<\/a>. Cada una de estas t\u00e9cnicas depender\u00e1 de tu forma \u00fanica y de los resultados deseados. <a href=\"https:\/\/beauty-enhance.com\/es\/dra-carmina-cardenas\/\">La Dra. Carmina<\/a> evaluar\u00e1 tus deseos y lo repasar\u00e1 todo en detalle contigo. <\/span><\/p>\n<p><b>Aumento de mamas AWL <\/b><span style=\"font-weight: 400;\"><br \/>\n<\/span><span style=\"font-weight: 400;\">Se trata de una <strong>intervenci\u00f3n quir\u00fargica<\/strong> para recrear el tama\u00f1o y la forma de tus pechos. Puede que sientas que tus pechos son demasiado peque\u00f1os o no tienen la proporci\u00f3n adecuada para tu cuerpo y quieras aumentar el volumen y\/o personalizar la forma. Al aumentar los senos, se utilizan implantes salinos o de silicona y se colocan debajo o encima del m\u00fasculo. <\/span><\/p>\n<p><span style=\"font-weight: 400;\">Para optimizar tu satisfacci\u00f3n, la Dra. Carmina discutir\u00e1 todas tus opciones y lo repasar\u00e1 todo contigo, encontrando el tama\u00f1o y la forma adecuados para conseguir unos pechos m\u00e1s j\u00f3venes y bellos.<\/span><\/p>\n<p><b>Levantamiento de mamas AWL <\/b><span style=\"font-weight: 400;\"><br \/>\n<\/span><span style=\"font-weight: 400;\"><strong>Este procedimiento eleva los senos internamente devolvi\u00e9ndolos a una posici\u00f3n natural en la<\/strong> pared <strong>tor\u00e1cica<\/strong> y, a continuaci\u00f3n, elimina la grasa y la piel sobrante. Las opciones de <a href=\"https:\/\/beauty-enhance.com\/procedures\/breast-surgery\/breast-lift\/\">Levantamiento de<\/a> Mamas son: Benelli (periareolar). Levantamiento vertical (piruleta) y ancla (completa), el procedimiento que necesites lo determinar\u00e1 la Dra. Carmina bas\u00e1ndose en tu evaluaci\u00f3n f\u00edsica. <\/span><\/p>\n<p><span style=\"font-weight: 400;\">Al restaurar la firmeza y la forma, los senos se elevan y rejuvenecen hasta alcanzar un perfil m\u00e1s juvenil y atractivo, creando un equilibrio con el resto del cuerpo.<\/span><\/p>\n<p><b>Reducci\u00f3n mamaria AWL<\/b> <span style=\"font-weight: 400;\"><br \/>\n<\/span><span style=\"font-weight: 400;\">Muchas mujeres sufren por tener unos pechos demasiado grandes, desproporcionados con su complexi\u00f3n corporal, que adem\u00e1s pueden causarles dolorosos problemas en el cuello, la espalda y los hombros. Algunas mujeres sufren cansancio, incluso depresi\u00f3n y baja autoestima debido a esta afecci\u00f3n. La <a href=\"https:\/\/beauty-enhance.com\/procedures\/breast-surgery\/breast-reduction\/\">reducci\u00f3n mamaria<\/a> consiste en eliminar la grasa mamaria, el tejido glandular y el exceso de piel de unos pechos demasiado grandes. <\/span><\/p>\n<p><span style=\"font-weight: 400;\">Despu\u00e9s de <strong>la cirug\u00eda de reducci\u00f3n mamaria<\/strong> ver\u00e1s que la ropa te queda mejor, tendr\u00e1s un cuerpo en general m\u00e1s equilibrado y mejor proporcionado, lo que te dar\u00e1 m\u00e1s confianza en ti misma y m\u00e1s autoestima.<\/span><\/p>\n<p style=\"text-align: justify;\"><span style=\"font-weight: 400;\">Combinando la habilidad art\u00edstica y la experiencia de la Dra. Carmina con las t\u00e9cnicas m\u00e1s avanzadas, puedes estar seguro de que obtendr\u00e1s los resultados deseados.<\/span><\/p>\n<p>[\/vc_column_text][\/vc_column][vc_column width=&#8221;1\/4&#8243; css=&#8221;.vc_custom_1632549894951{padding-top: 30px !important;padding-right: 20px !important;padding-left: 20px !important;background-color: #f9f9f7 !important;}&#8221; offset=&#8221;vc_hidden-sm vc_hidden-xs&#8221;][vc_widget_sidebar sidebar_id=&#8221;sidebar&#8221;][\/vc_column][\/vc_row][vc_row][vc_column][vc_empty_space height=&#8221;50px&#8221;][vc_custom_heading text=&#8221;\u00bfCu\u00e1ndo y c\u00f3mo empezar?&#8221; font_container=&#8221;tag:h2|font_size:30px|text_align:center|line_height:30px&#8221; use_theme_fonts=&#8221;yes&#8221;][vc_single_image image=&#8221;11750&#8243; img_size=&#8221;medium&#8221; alignment=&#8221;center&#8221;][vc_custom_heading text=&#8221;1. IMC&#8221; font_container=&#8221;tag:h2|font_size:20px|text_align:left|line_height:20px&#8221; google_fonts=&#8221;font_family:Lato%3A100%2C100italic%2C300%2C300italic%2Cregular%2Citalic%2C700%2C700italic%2C900%2C900italic|font_style:900%20bold%20regular%3A900%3Anormal&#8221;][vc_separator][vc_column_text]<strong>La Dra. Carmina C\u00e1rdenas exige<\/strong> un IMC (\u00edndice de masa corporal) de 30 o inferior para ser candidata segura a cualquier intervenci\u00f3n de cirug\u00eda pl\u00e1stica, a los pacientes postbari\u00e1tricos se les exige que hayan pasado 1 YPO de la cirug\u00eda bari\u00e1trica y que tengan al menos 3 meses consecutivos de peso estable para ser elegibles.<\/p>\n<p><strong>Los pacientes suelen ser candidatos a:<\/strong><\/p>\n<ol>\n<li>Senos Mujeres<\/li>\n<li>Abdominoplastia<\/li>\n<li>Liposucci\u00f3n<\/li>\n<li>Aumento de gl\u00fateos<\/li>\n<\/ol>\n<p>[\/vc_column_text][\/vc_column][\/vc_row][vc_row][vc_column][vc_custom_heading text=&#8221;2. \u00c1REAS PERSONALES DE PREOCUPACI\u00d3N&#8221; font_container=&#8221;tag:h2|font_size:20px|text_align:left|line_height:20px&#8221; google_fonts=&#8221;font_family:Lato%3A100%2C100italic%2C300%2C300italic%2Cregular%2Citalic%2C700%2C700italic%2C900%2C900italic|font_style:900%20bold%20regular%3A900%3Anormal&#8221;][vc_separator][vc_row_inner][vc_column_inner width=&#8221;1\/3&#8243;][vc_single_image image=&#8221;11760&#8243; img_size=&#8221;full&#8221;][vc_text_separator title=&#8221;Aumento mamario&#8221;][vc_column_text]<\/p>\n<p style=\"text-align: center;\">Combina distintas t\u00e9cnicas de contorno corporal en un solo tiempo quir\u00fargico para tratar <b>los flancos, el abdomen (con reparaci\u00f3n muscular), las nalgas, la parte externa de los muslos y el pubis; <\/b>suele combinarse con liposucci\u00f3n para contornear la silueta, aunque la liposucci\u00f3n ser\u00e1 m\u00ednima para evitar la p\u00e9rdida de sangre.<\/p>\n<h6 style=\"text-align: center;\">TIEMPO QUIR\u00daRGICO: 6 HORAS<br \/>\nESTANCIA DE RECUPERACI\u00d3N: 7 NOCHES<br \/>\nTIEMPO DE RECUPERACI\u00d3N: 6 SEMANAS<\/h6>\n<p>[\/vc_column_text][\/vc_column_inner][vc_column_inner width=&#8221;1\/3&#8243;][vc_single_image image=&#8221;11761&#8243; img_size=&#8221;full&#8221;][vc_text_separator title=&#8221;Aumento mamario&#8221;][vc_column_text]<\/p>\n<p style=\"text-align: center;\">Combina distintas t\u00e9cnicas de contorno corporal en un solo tiempo quir\u00fargico para apuntar <b>brazos, pecho\/senos, torso lateral e incluso parte superior de la espalda<\/b>, tambi\u00e9n puede combinarse con liposucci\u00f3n para contornear la silueta, aunque la liposucci\u00f3n ser\u00e1 m\u00ednima para evitar la p\u00e9rdida de sangre.<\/p>\n<h6 style=\"text-align: center;\">TIEMPO QUIR\u00daRGICO: 6 HORAS<br \/>\nESTANCIA DE RECUPERACI\u00d3N: 7 NOCHES<br \/>\nTIEMPO DE RECUPERACI\u00d3N: 6 SEMANAS<\/h6>\n<p>[\/vc_column_text][\/vc_column_inner][vc_column_inner width=&#8221;1\/3&#8243;][vc_single_image image=&#8221;11759&#8243; img_size=&#8221;full&#8221;][vc_text_separator title=&#8221;Aumento mamario&#8221;][vc_column_text]<\/p>\n<p style=\"text-align: center;\">Combina distintas t\u00e9cnicas de contorno corporal en un solo tiempo quir\u00fargico para apuntar <b>brazos, pecho\/senos, torso lateral e incluso parte superior de la espalda<\/b>, tambi\u00e9n puede combinarse con liposucci\u00f3n para contornear la silueta, aunque la liposucci\u00f3n ser\u00e1 m\u00ednima para evitar la p\u00e9rdida de sangre.<\/p>\n<h6 style=\"text-align: center;\">TIEMPO QUIR\u00daRGICO: 6 HORAS<br \/>\nESTANCIA DE RECUPERACI\u00d3N: 7 NOCHES<br \/>\nTIEMPO DE RECUPERACI\u00d3N: 6 SEMANAS<\/h6>\n<p>[\/vc_column_text][\/vc_column_inner][\/vc_row_inner][\/vc_column][\/vc_row][vc_row][vc_column][vc_custom_heading text=&#8221;ANESTESIA&#8221; font_container=&#8221;tag:h2|font_size:20px|text_align:left|line_height:20px&#8221; google_fonts=&#8221;font_family:Lato%3A100%2C100italic%2C300%2C300italic%2Cregular%2Citalic%2C700%2C700italic%2C900%2C900italic|font_style:900%20bold%20regular%3A900%3Anormal&#8221;][vc_separator][vc_column_text]Se utiliza una combinaci\u00f3n de anestesia regional y sedaci\u00f3n intravenosa (crepuscular) en la que el paciente no est\u00e1 inconsciente, sino sedado, lo que permite al anestesista controlar los niveles de ox\u00edgeno en sangre, lo que es especialmente importante cuando se realiza la reparaci\u00f3n de los m\u00fasculos de la pared abdominal, ya que el paciente necesita respirar por s\u00ed mismo, algo que no puede conseguirse con anestesia general. Se inyecta un anest\u00e9sico local en el espacio epidural de la regi\u00f3n lumbar o sacra de la columna vertebral, la anestesia desaparecer\u00e1 unas horas despu\u00e9s de la intervenci\u00f3n sin los efectos negativos que suele producir la anestesia general, como n\u00e1useas, v\u00f3mitos, etc. \u00bfEstar\u00e1s despierto durante la intervenci\u00f3n? S\u00ed y no. Durante toda la intervenci\u00f3n, estar\u00e1s consciente, lo que significa que podr\u00e1s responder a \u00f3rdenes como abrir y cerrar la boca. Aunque, durante la sedaci\u00f3n crepuscular, estar\u00e1s en un estado somnoliento, similar al sue\u00f1o.[\/vc_column_text][\/vc_column][\/vc_row][vc_row][vc_column][vc_custom_heading text=&#8221;RIESGOS&#8221; font_container=&#8221;tag:h2|font_size:20px|text_align:left|line_height:20px&#8221; google_fonts=&#8221;font_family:Lato%3A100%2C100italic%2C300%2C300italic%2Cregular%2Citalic%2C700%2C700italic%2C900%2C900italic|font_style:900%20bold%20regular%3A900%3Anormal&#8221;][vc_separator][vc_column_text]Aunque la Cirug\u00eda Pl\u00e1stica es un procedimiento electivo, no deja de ser una intervenci\u00f3n quir\u00fargica real y, por tanto, siempre existe un riesgo potencial de complicaciones, como en cualquier otro procedimiento importante, la TVP (trombosis venosa profunda), la EP (embolia pulmonar) o la TEV (tromboembolia venosa), que es una combinaci\u00f3n de ambas, son los riesgos m\u00e1s mortales y, por tanto, debes hablarlo con la Dra. C\u00e1rdenas detenidamente:[\/vc_column_text][vc_row_inner][vc_column_inner width=&#8221;1\/2&#8243;][vc_column_text]<\/p>\n<ul>\n<li>Asimetr\u00edas<\/li>\n<li>Hemorragia (hematoma)<\/li>\n<li>Necrosis grasa<\/li>\n<li>Necrosis cut\u00e1nea<\/li>\n<li>Acumulaci\u00f3n de l\u00edquido (seroma)<\/li>\n<li>Infecciones<\/li>\n<li>Mala cicatrizaci\u00f3n de la herida, dehiscencia o aperturas de la herida<\/li>\n<li>Entumecimiento u otros cambios en la sensibilidad de la piel<\/li>\n<li>Dolor, que puede persistir<\/li>\n<\/ul>\n<p>[\/vc_column_text][\/vc_column_inner][vc_column_inner width=&#8221;1\/2&#8243;][vc_column_text]<\/p>\n<ul>\n<li>Hinchaz\u00f3n persistente en las piernas<\/li>\n<li>Aflojamiento recurrente de la piel<\/li>\n<li>Decoloraci\u00f3n de la piel y\/o hinchaz\u00f3n prolongada<\/li>\n<li>Las suturas pueden aflorar espont\u00e1neamente a trav\u00e9s de la piel, hacerse visibles o producir irritaci\u00f3n y requerir su retirada<\/li>\n<li>Cicatrizaci\u00f3n desfavorable<\/li>\n<\/ul>\n<p>[\/vc_column_text][\/vc_column_inner][\/vc_row_inner][\/vc_column][\/vc_row][vc_row][vc_column][vc_custom_heading text=&#8221;\u00bfSE PUEDEN ERRADICAR COMPLETAMENTE LOS RIESGOS?&#8221; font_container=&#8221;tag:h2|font_size:20px|text_align:left|line_height:20px&#8221; google_fonts=&#8221;font_family:Lato%3A100%2C100italic%2C300%2C300italic%2Cregular%2Citalic%2C700%2C700italic%2C900%2C900italic|font_style:900%20bold%20regular%3A900%3Anormal&#8221;][vc_separator][vc_column_text]La respuesta honesta es <b>NO<\/b>, pero los riesgos pueden reducirse considerablemente si m\u00e9dico y paciente trabajan juntos; se te proporcionar\u00e1 una lista de ex\u00e1menes preoperatorios que deben realizarse antes de la cirug\u00eda y un protocolo de acciones que deber\u00e1s seguir para reducir los riesgos, pero el paciente debe ser siempre consciente de que los riesgos no pueden erradicarse por completo.<\/p>\n<p>Recuerda que los pacientes con AWL y especialmente los postbari\u00e1tricos tienen un mayor riesgo de complicaciones, por lo que deben seguirse con diligencia las instrucciones pre y postoperatorias.[\/vc_column_text][vc_row_inner][vc_column_inner width=&#8221;1\/12&#8243;][\/vc_column_inner][vc_column_inner width=&#8221;7\/12&#8243;][vc_single_image image=&#8221;11726&#8243; img_size=&#8221;full&#8221;][\/vc_column_inner][vc_column_inner width=&#8221;1\/4&#8243;][vc_empty_space height=&#8221;50px&#8221;][vc_column_text]*Basado en el an\u00e1lisis hist\u00f3rico de 247 pacientes de la Dra. Carmina C\u00e1rdenas, los procedimientos de todos los pacientes incluyeron liposucci\u00f3n, transferencia de grasa y aumento de colgajo aut\u00f3logo.[\/vc_column_text][vc_separator][vc_column_text]<em>*Dr. C\u00e1rdenas nunca ha tenido complicaciones mortales; la tasa media de complicaciones es del 45%.<\/em>[\/vc_column_text][\/vc_column_inner][vc_column_inner width=&#8221;1\/12&#8243;][\/vc_column_inner][\/vc_row_inner][\/vc_column][\/vc_row][vc_row][vc_column][vc_custom_heading text=&#8221;\u00bfDEBO PREOCUPARME POR EL RIESGO DE COMPLICACIONES?&#8221; font_container=&#8221;tag:h2|font_size:20px|text_align:left|line_height:20px&#8221; google_fonts=&#8221;font_family:Lato%3A100%2C100italic%2C300%2C300italic%2Cregular%2Citalic%2C700%2C700italic%2C900%2C900italic|font_style:900%20bold%20regular%3A900%3Anormal&#8221;][vc_separator][vc_column_text]El riesgo de complicaciones mortales en cirug\u00eda pl\u00e1stica (cuando se siguen las normas recomendadas) es inferior al 1%, lo que significa que la Cirug\u00eda Pl\u00e1stica es muy segura; Como se muestra en el cuadro anterior, pueden producirse otras complicaciones y son m\u00e1s frecuentes, \u00bfmerece la pena la cirug\u00eda pl\u00e1stica incluso despu\u00e9s de considerar esos riesgos?<\/p>\n<p>La Cirug\u00eda Pl\u00e1stica es una decisi\u00f3n muy personal; por lo tanto, es muy importante que conozcas a fondo los riesgos que conlleva y los beneficios que la cirug\u00eda pl\u00e1stica puede aportar a tu vida, la siguiente tabla representa las mejoras en la calidad de vida general que reportaron los pacientes que se operaron con la Dra. C\u00e1rdenas en los \u00faltimos 3 a\u00f1os.[\/vc_column_text][vc_row_inner][vc_column_inner width=&#8221;1\/12&#8243;][\/vc_column_inner][vc_column_inner width=&#8221;7\/12&#8243;][vc_single_image image=&#8221;11727&#8243; img_size=&#8221;full&#8221;][\/vc_column_inner][vc_column_inner width=&#8221;1\/4&#8243;][vc_empty_space height=&#8221;50px&#8221;][vc_column_text]*Se evalu\u00f3 la autoestima, el rendimiento y la vida sexual, las encuestas se realizaron s\u00f3lo entre los pacientes de la Dra. C\u00e1rdenas.[\/vc_column_text][vc_separator][\/vc_column_inner][vc_column_inner width=&#8221;1\/12&#8243;][\/vc_column_inner][\/vc_row_inner][\/vc_column][\/vc_row][vc_row][vc_column][vc_custom_heading text=&#8221;\u00bfC\u00d3MO PODEMOS (M\u00c9DICO Y PACIENTE) ESTAR MEJOR PREPARADOS PARA SUPERAR CON \u00c9XITO LAS COMPLICACIONES?&#8221; font_container=&#8221;tag:h2|font_size:20px|text_align:left|line_height:20px&#8221; google_fonts=&#8221;font_family:Lato%3A100%2C100italic%2C300%2C300italic%2Cregular%2Citalic%2C700%2C700italic%2C900%2C900italic|font_style:900%20bold%20regular%3A900%3Anormal&#8221;][vc_separator][vc_column_text]<\/p>\n<ol>\n<li>Seguir diligentemente las instrucciones pre y postoperatorias.<\/li>\n<li>Tener un plan de emergencia discutido que ambas partes puedan seguir en caso de complicaci\u00f3n (PCP de apoyo en casa, grupo de apoyo familiar o de amigos que puedan ayudarte en casa en caso de que necesites viajar de vuelta).<\/li>\n<li>Comunicaci\u00f3n y colaboraci\u00f3n constantes y abiertas.<\/li>\n<\/ol>\n<p>Todos nuestros pacientes tienen incluido un PLAN DE PROTECCI\u00d3N que puede cubrir hasta 3.500 dlls en gastos de tratamiento en caso de complicaci\u00f3n que requiera el regreso del paciente a nuestras instalaciones.[\/vc_column_text][\/vc_column][\/vc_row][vc_row full_width=&#8221;stretch_row&#8221; css=&#8221;.vc_custom_1622686028426{background-image: url(<a href=\"https:\/\/beauty-enhance.com\/wp-content\/uploads\/2021\/06\/bg_gray.png?id=8950\">https:\/\/beauty-enhance.com\/wp-content\/uploads\/2021\/06\/bg_gray.png?id=8950<\/a>) !important;background-position: center !important;background-repeat: no-repeat !important;background-size: cover !important;}&#8221;][vc_column][vc_empty_space height=&#8221;50px&#8221;][vc_custom_heading text=&#8221;NUESTROS SERVICIOS&#8221; font_container=&#8221;tag:h2|font_size:30px|text_align:center|color:%23ffffff|line_height:30px&#8221; google_fonts=&#8221;font_family:Lato%3A100%2C100italic%2C300%2C300italic%2Cregular%2Citalic%2C700%2C700italic%2C900%2C900italic|font_style:900%20bold%20regular%3A900%3Anormal&#8221;][vc_column_text css=&#8221;.vc_custom_1622685956145{margin-right: 20% !important;margin-left: 20% !important;}&#8221;]<\/p>\n<p style=\"text-align: center;\"><span style=\"color: #ffffff;\">Nuestros planes incluyen todo y est\u00e1n dise\u00f1ados para proporcionar la MEJOR experiencia posible, reduciendo la posibilidad de complicaciones, controlando tu nivel de dolor y promoviendo un mejor resultado mediante la nutrici\u00f3n, el descanso f\u00edsico y mental y el cuidado de las heridas.<\/span><\/p>\n<p>[\/vc_column_text][vc_row_inner][vc_column_inner width=&#8221;1\/4&#8243; offset=&#8221;vc_col-xs-6&#8243;][vc_single_image image=&#8221;12530&#8243; img_size=&#8221;full&#8221; alignment=&#8221;center&#8221; css=&#8221;&#8221;][vc_single_image image=&#8221;12532&#8243; img_size=&#8221;full&#8221; alignment=&#8221;center&#8221; css=&#8221;&#8221;][\/vc_column_inner][vc_column_inner width=&#8221;1\/4&#8243; offset=&#8221;vc_col-xs-6&#8243;][vc_single_image image=&#8221;12528&#8243; img_size=&#8221;full&#8221; alignment=&#8221;center&#8221; css=&#8221;&#8221;][vc_single_image image=&#8221;12536&#8243; img_size=&#8221;full&#8221; alignment=&#8221;center&#8221; css=&#8221;&#8221;][\/vc_column_inner][vc_column_inner width=&#8221;1\/4&#8243; offset=&#8221;vc_col-xs-6&#8243;][vc_single_image image=&#8221;12524&#8243; img_size=&#8221;full&#8221; alignment=&#8221;center&#8221; css=&#8221;&#8221;][vc_single_image image=&#8221;12526&#8243; img_size=&#8221;full&#8221; alignment=&#8221;center&#8221; css=&#8221;&#8221;][\/vc_column_inner][vc_column_inner width=&#8221;1\/4&#8243; offset=&#8221;vc_col-xs-6&#8243;][vc_single_image image=&#8221;12534&#8243; img_size=&#8221;full&#8221; alignment=&#8221;center&#8221; css=&#8221;&#8221;][vc_single_image image=&#8221;12538&#8243; img_size=&#8221;full&#8221; alignment=&#8221;center&#8221; css=&#8221;&#8221;][\/vc_column_inner][\/vc_row_inner][vc_empty_space height=&#8221;50px&#8221;][vc_btn title=&#8221;SOLICITA TU CONSULTA Y PRESUPUESTO&#8221; style=&#8221;flat&#8221; color=&#8221;white&#8221; size=&#8221;lg&#8221; align=&#8221;center&#8221; link=&#8221;url:https%3A%2F%2Fconsults.beauty-enhance.com%2F|&#8221;][vc_empty_space height=&#8221;50px&#8221;][\/vc_column][\/vc_row]<\/p>\n<\/div>","protected":false},"excerpt":{"rendered":"<p>[vc_row][vc_column width=&#8221;3\/4&#8243;][vc_empty_space][vc_column_text css=&#8221;&#8221;] Muchas mujeres experimentan cambios en sus pechos debido al envejecimiento, la gravedad, el embarazo o la p\u00e9rdida de peso. Los senos pueden perder su forma juvenil, firmeza, volumen, posici\u00f3n y empezar a descolgarse y caer. Las mujeres desean entonces cambiar el tama\u00f1o y\/o la forma de sus pechos para crear unos pechos [&hellip;]<\/p>\n","protected":false},"author":1,"featured_media":11570,"parent":12161,"menu_order":0,"comment_status":"closed","ping_status":"closed","template":"","meta":{"_acf_changed":false,"inline_featured_image":false,"footnotes":""},"class_list":["post-12025","page","type-page","status-publish","has-post-thumbnail","hentry"],"acf":[],"aioseo_notices":[],"jetpack_sharing_enabled":true,"_links":{"self":[{"href":"https:\/\/beauty-enhance.com\/es\/wp-json\/wp\/v2\/pages\/12025","targetHints":{"allow":["GET"]}}],"collection":[{"href":"https:\/\/beauty-enhance.com\/es\/wp-json\/wp\/v2\/pages"}],"about":[{"href":"https:\/\/beauty-enhance.com\/es\/wp-json\/wp\/v2\/types\/page"}],"author":[{"embeddable":true,"href":"https:\/\/beauty-enhance.com\/es\/wp-json\/wp\/v2\/users\/1"}],"replies":[{"embeddable":true,"href":"https:\/\/beauty-enhance.com\/es\/wp-json\/wp\/v2\/comments?post=12025"}],"version-history":[{"count":8,"href":"https:\/\/beauty-enhance.com\/es\/wp-json\/wp\/v2\/pages\/12025\/revisions"}],"predecessor-version":[{"id":12681,"href":"https:\/\/beauty-enhance.com\/es\/wp-json\/wp\/v2\/pages\/12025\/revisions\/12681"}],"up":[{"embeddable":true,"href":"https:\/\/beauty-enhance.com\/es\/wp-json\/wp\/v2\/pages\/12161"}],"wp:featuredmedia":[{"embeddable":true,"href":"https:\/\/beauty-enhance.com\/es\/wp-json\/wp\/v2\/media\/11570"}],"wp:attachment":[{"href":"https:\/\/beauty-enhance.com\/es\/wp-json\/wp\/v2\/media?parent=12025"}],"curies":[{"name":"wp","href":"https:\/\/api.w.org\/{rel}","templated":true}]}}