{"id":12067,"date":"2015-11-05T06:29:35","date_gmt":"2015-11-05T14:29:35","guid":{"rendered":"https:\/\/beauty-enhance.com\/capsulectomia\/"},"modified":"2024-12-25T21:57:53","modified_gmt":"2024-12-26T05:57:53","slug":"capsulectomia","status":"publish","type":"page","link":"https:\/\/beauty-enhance.com\/es\/procedimientos\/otro-procedimiento\/capsulectomia\/","title":{"rendered":"Capsulectom\u00eda"},"content":{"rendered":"<div class=\"wpb-content-wrapper\"><p>[vc_row][vc_column width=&#8221;3\/4&#8243;][vc_empty_space][vc_column_text css=&#8221;&#8221;]<img data-recalc-dims=\"1\" loading=\"lazy\" decoding=\"async\" class=\"alignleft wp-image-4725 size-full\" src=\"https:\/\/i0.wp.com\/beauty-enhance.com\/wp-content\/uploads\/2017\/05\/breast-surgery_capsulectomy.jpg?resize=362%2C417&#038;ssl=1\" alt=\"Capsulectom\u00eda - Cambiar o quitar implantes\" width=\"362\" height=\"417\" srcset=\"https:\/\/i0.wp.com\/beauty-enhance.com\/wp-content\/uploads\/2017\/05\/breast-surgery_capsulectomy.jpg?w=362&amp;ssl=1 362w, https:\/\/i0.wp.com\/beauty-enhance.com\/wp-content\/uploads\/2017\/05\/breast-surgery_capsulectomy.jpg?resize=260%2C300&amp;ssl=1 260w\" sizes=\"auto, (max-width: 362px) 100vw, 362px\" \/><\/p>\n<p style=\"text-align: justify;\">Muchas mujeres experimentan cambios en sus pechos debido al envejecimiento, la gravedad, el embarazo o la p\u00e9rdida de peso. Los senos pueden perder su forma juvenil, firmeza, volumen, posici\u00f3n y empezar a descolgarse y caer.<\/p>\n<p style=\"text-align: justify;\">Las mujeres desean entonces cambiar el tama\u00f1o y\/o la forma de sus pechos para crear <strong>unos pechos<\/strong> de aspecto m\u00e1s juvenil, tal como han so\u00f1ado, aumentando su confianza, belleza y sexualidad.<\/p>\n<p style=\"text-align: justify;\"><strong><a href=\"https:\/\/beauty-enhance.com\/es\/dra-carmina-cardenas\/\">La Dra. Carmina<\/a> ofrece cuatro opciones: <a href=\"https:\/\/beauty-enhance.com\/procedures\/breast-surgery\/breast-augmentation\/\">Aumento mamario<\/a>, <a href=\"https:\/\/beauty-enhance.com\/procedures\/breast-surgery\/breast-lift\/\">Levantamiento mamaria<\/a>, <a href=\"https:\/\/beauty-enhance.com\/procedures\/breast-surgery\/breast-reduction\/\">Reducci\u00f3n mamaria<\/a> y <a href=\"https:\/\/beauty-enhance.com\/procedures\/breast-surgery\/capsulectomy-change-of-implants\/\">Capsulectom\u00eda<\/a><\/strong>. Cada una de estas t\u00e9cnicas depender\u00e1 de su forma \u00fanica y de los resultados deseados. <strong>La Dr. Carmina<\/strong> evaluar\u00e1 sus deseos y necesidades y repasar\u00e1 todo en detalle con usted.<\/p>\n<h2 style=\"text-align: justify;\">Qu\u00e9 esperar despu\u00e9s de la operaci\u00f3n<\/h2>\n<p style=\"text-align: justify;\">Puedes irte a casa al cabo de unas horas y ducharte al d\u00eda siguiente de la <strong>intervenci\u00f3n<\/strong>. El dolor moderado es t\u00edpico durante los dos primeros d\u00edas, pero desaparece en su mayor parte al tercer d\u00eda y se controla f\u00e1cilmente con medicamentos. Los hematomas son inusuales y la hinchaz\u00f3n ser\u00e1 moderada durante la primera semana, pero desaparecer\u00e1 r\u00e1pidamente. Durante las tres primeras semanas, <strong>los senos<\/strong> quedar\u00e1n elevados en el pecho. Se asentar\u00e1n gradualmente en una posici\u00f3n y un contorno naturales. Muchas actividades cotidianas pueden reanudarse en la primera semana, y la mayor\u00eda al cabo de tres semanas como m\u00ednimo.<\/p>\n<p>[\/vc_column_text][\/vc_column][vc_column width=&#8221;1\/4&#8243; css=&#8221;.vc_custom_1632432416914{padding-top: 30px !important;padding-right: 20px !important;padding-left: 20px !important;background-color: #f9f9f7 !important;}&#8221;][vc_widget_sidebar sidebar_id=&#8221;sidebar&#8221;][\/vc_column][\/vc_row][vc_row][vc_column][vc_empty_space height=&#8221;50px&#8221;][vc_custom_heading text=&#8221;\u00bfCu\u00e1ndo y c\u00f3mo empezar?&#8221; font_container=&#8221;tag:h2|font_size:30px|text_align:center|line_height:30px&#8221; use_theme_fonts=&#8221;yes&#8221;][vc_single_image image=&#8221;11750&#8243; img_size=&#8221;medium&#8221; alignment=&#8221;center&#8221;][vc_custom_heading text=&#8221;1. IMC&#8221; font_container=&#8221;tag:h2|font_size:20px|text_align:left|line_height:20px&#8221; google_fonts=&#8221;font_family:Lato%3A100%2C100italic%2C300%2C300italic%2Cregular%2Citalic%2C700%2C700italic%2C900%2C900italic|font_style:900%20bold%20regular%3A900%3Anormal&#8221;][vc_separator][vc_column_text]<strong>La Dra. Carmina C\u00e1rdenas exige<\/strong> un IMC (\u00edndice de masa corporal) de 30 o inferior para ser candidata segura a cualquier intervenci\u00f3n de cirug\u00eda pl\u00e1stica, a los pacientes postbari\u00e1tricos se les exige que hayan pasado 1 YPO de la cirug\u00eda bari\u00e1trica y que tengan al menos 3 meses consecutivos de peso estable para ser elegibles.<\/p>\n<p><strong>Los pacientes suelen ser candidatos a:<\/strong><\/p>\n<ol>\n<li>Liposucci\u00f3n espec\u00edfica<\/li>\n<li>Capsulectom\u00eda<\/li>\n<li>Otoplastia<\/li>\n<li>Labioplastia Minora<\/li>\n<\/ol>\n<p>[\/vc_column_text][\/vc_column][\/vc_row][vc_row][vc_column][vc_custom_heading text=&#8221;ANESTESIA&#8221; font_container=&#8221;tag:h2|font_size:20px|text_align:left|line_height:20px&#8221; google_fonts=&#8221;font_family:Lato%3A100%2C100italic%2C300%2C300italic%2Cregular%2Citalic%2C700%2C700italic%2C900%2C900italic|font_style:900%20bold%20regular%3A900%3Anormal&#8221;][vc_separator][vc_column_text]Se utiliza una combinaci\u00f3n de anestesia regional y sedaci\u00f3n intravenosa (crepuscular) en la que el paciente no est\u00e1 inconsciente, sino sedado, lo que permite al anestesista controlar los niveles de ox\u00edgeno en sangre, lo que es especialmente importante cuando se realiza la reparaci\u00f3n de los m\u00fasculos de la pared abdominal, ya que el paciente necesita respirar por s\u00ed mismo, algo que no puede conseguirse con anestesia general.<\/p>\n<p>Se inyecta un anest\u00e9sico local en el espacio epidural de la regi\u00f3n lumbar o sacra de la columna vertebral, la anestesia desaparecer\u00e1 unas horas despu\u00e9s del procedimiento sin los efectos negativos que suele producir la anestesia general, como n\u00e1useas, v\u00f3mitos, etc.<\/p>\n<p>\u00bfEstar\u00e1s despierto durante la intervenci\u00f3n? S\u00ed y no. Durante toda la intervenci\u00f3n, estar\u00e1s consciente, lo que significa que podr\u00e1s responder a \u00f3rdenes como abrir y cerrar la boca. Aunque, durante la sedaci\u00f3n crepuscular, estar\u00e1s en un estado somnoliento, parecido al sue\u00f1o.[\/vc_column_text][\/vc_column][\/vc_row][vc_row][vc_column][vc_custom_heading text=&#8221;RIESGOS&#8221; font_container=&#8221;tag:h2|font_size:20px|text_align:left|line_height:20px&#8221; google_fonts=&#8221;font_family:Lato%3A100%2C100italic%2C300%2C300italic%2Cregular%2Citalic%2C700%2C700italic%2C900%2C900italic|font_style:900%20bold%20regular%3A900%3Anormal&#8221;][vc_separator][vc_column_text]Aunque la Cirug\u00eda Pl\u00e1stica es un procedimiento electivo, no deja de ser una intervenci\u00f3n quir\u00fargica real y, por tanto, siempre existe un riesgo potencial de complicaciones, como en cualquier otro procedimiento importante, la TVP (trombosis venosa profunda), la EP (embolia pulmonar) o la TEV (tromboembolia venosa), que es una combinaci\u00f3n de ambas, son los riesgos m\u00e1s mortales y, por tanto, debes hablarlo con la Dra. C\u00e1rdenas detenidamente:[\/vc_column_text][vc_row_inner][vc_column_inner width=&#8221;1\/2&#8243;][vc_column_text]<\/p>\n<ul>\n<li>Asimetr\u00edas<\/li>\n<li>Hemorragia (hematoma)<\/li>\n<li>Necrosis grasa<\/li>\n<li>Necrosis cut\u00e1nea<\/li>\n<li>Acumulaci\u00f3n de l\u00edquido (seroma)<\/li>\n<li>Infecciones<\/li>\n<li>Mala cicatrizaci\u00f3n de la herida, dehiscencia o aperturas de la herida<\/li>\n<li>Entumecimiento u otros cambios en la sensibilidad de la piel<\/li>\n<li>Dolor, que puede persistir<\/li>\n<\/ul>\n<p>[\/vc_column_text][\/vc_column_inner][vc_column_inner width=&#8221;1\/2&#8243;][vc_column_text]<\/p>\n<ul>\n<li>Hinchaz\u00f3n persistente en las piernas<\/li>\n<li>Aflojamiento recurrente de la piel<\/li>\n<li>Decoloraci\u00f3n de la piel y\/o hinchaz\u00f3n prolongada<\/li>\n<li>Las suturas pueden aflorar espont\u00e1neamente a trav\u00e9s de la piel, hacerse visibles o producir irritaci\u00f3n y requerir su retirada<\/li>\n<li>Cicatrizaci\u00f3n desfavorable<\/li>\n<\/ul>\n<p>[\/vc_column_text][\/vc_column_inner][\/vc_row_inner][\/vc_column][\/vc_row][vc_row][vc_column][vc_custom_heading text=&#8221;\u00bfSE PUEDEN ERRADICAR COMPLETAMENTE LOS RIESGOS?&#8221; font_container=&#8221;tag:h2|font_size:20px|text_align:left|line_height:20px&#8221; google_fonts=&#8221;font_family:Lato%3A100%2C100italic%2C300%2C300italic%2Cregular%2Citalic%2C700%2C700italic%2C900%2C900italic|font_style:900%20bold%20regular%3A900%3Anormal&#8221;][vc_separator][vc_column_text]La respuesta honesta es <b>NO<\/b>, pero los riesgos pueden reducirse considerablemente si m\u00e9dico y paciente trabajan juntos; se te proporcionar\u00e1 una lista de ex\u00e1menes preoperatorios que deben realizarse antes de la cirug\u00eda y un protocolo de acciones que deber\u00e1s seguir para reducir los riesgos, pero el paciente siempre debe ser consciente de que los riesgos no pueden erradicarse por completo.<\/p>\n<p>Recuerda que los pacientes con LPA y, especialmente, los postbari\u00e1tricos, tienen un mayor riesgo de complicaciones, por lo que deben seguirse con diligencia las instrucciones pre y postoperatorias.[\/vc_column_text][vc_row_inner][vc_column_inner width=&#8221;1\/12&#8243;][\/vc_column_inner][vc_column_inner width=&#8221;7\/12&#8243;][vc_single_image image=&#8221;11726&#8243; img_size=&#8221;full&#8221;][\/vc_column_inner][vc_column_inner width=&#8221;1\/4&#8243;][vc_empty_space height=&#8221;50px&#8221;][vc_column_text]*Basado en el an\u00e1lisis hist\u00f3rico de 247 pacientes de la Dra. Carmina C\u00e1rdenas, los procedimientos de todos los pacientes incluyeron liposucci\u00f3n, transferencia de grasa y aumento de colgajo aut\u00f3logo.[\/vc_column_text][vc_separator][vc_column_text]<em>*Dr. C\u00e1rdenas nunca ha tenido complicaciones mortales; la tasa media de complicaciones es del 45%.<\/em>[\/vc_column_text][\/vc_column_inner][vc_column_inner width=&#8221;1\/12&#8243;][\/vc_column_inner][\/vc_row_inner][\/vc_column][\/vc_row][vc_row][vc_column][vc_custom_heading text=&#8221;\u00bfDEBO PREOCUPARME POR EL RIESGO DE COMPLICACIONES?&#8221; font_container=&#8221;tag:h2|font_size:20px|text_align:left|line_height:20px&#8221; google_fonts=&#8221;font_family:Lato%3A100%2C100italic%2C300%2C300italic%2Cregular%2Citalic%2C700%2C700italic%2C900%2C900italic|font_style:900%20bold%20regular%3A900%3Anormal&#8221;][vc_separator][vc_column_text]El riesgo de complicaciones mortales en cirug\u00eda pl\u00e1stica (cuando se siguen las normas recomendadas) es inferior al 1%, lo que significa que la Cirug\u00eda Pl\u00e1stica es muy segura; Como se muestra en el cuadro anterior, pueden producirse otras complicaciones y son m\u00e1s frecuentes, \u00bfmerece la pena la cirug\u00eda pl\u00e1stica incluso despu\u00e9s de considerar esos riesgos?<\/p>\n<p>La Cirug\u00eda Pl\u00e1stica es una decisi\u00f3n muy personal; por lo tanto, es muy importante que conozcas a fondo los riesgos que conlleva y los beneficios que la cirug\u00eda pl\u00e1stica puede aportar a tu vida, la siguiente tabla representa las mejoras en la calidad de vida general que reportaron los pacientes que se operaron con la Dra. C\u00e1rdenas en los \u00faltimos 3 a\u00f1os.[\/vc_column_text][vc_row_inner][vc_column_inner width=&#8221;1\/12&#8243;][\/vc_column_inner][vc_column_inner width=&#8221;7\/12&#8243;][vc_single_image image=&#8221;11727&#8243; img_size=&#8221;full&#8221;][\/vc_column_inner][vc_column_inner width=&#8221;1\/4&#8243;][vc_empty_space height=&#8221;50px&#8221;][vc_column_text]*Se evalu\u00f3 la autoestima, el rendimiento y la vida sexual, las encuestas se realizaron s\u00f3lo entre los pacientes de la Dra. C\u00e1rdenas.[\/vc_column_text][vc_separator][\/vc_column_inner][vc_column_inner width=&#8221;1\/12&#8243;][\/vc_column_inner][\/vc_row_inner][\/vc_column][\/vc_row][vc_row][vc_column][vc_custom_heading text=&#8221;\u00bfC\u00d3MO PODEMOS (M\u00c9DICO Y PACIENTE) ESTAR MEJOR PREPARADOS PARA SUPERAR CON \u00c9XITO LAS COMPLICACIONES?&#8221; font_container=&#8221;tag:h2|font_size:20px|text_align:left|line_height:20px&#8221; google_fonts=&#8221;font_family:Lato%3A100%2C100italic%2C300%2C300italic%2Cregular%2Citalic%2C700%2C700italic%2C900%2C900italic|font_style:900%20bold%20regular%3A900%3Anormal&#8221;][vc_separator][vc_column_text]<\/p>\n<ol>\n<li>Seguir diligentemente las instrucciones pre y postoperatorias.<\/li>\n<li>Tener un plan de emergencia discutido que ambas partes puedan seguir en caso de complicaci\u00f3n (PCP de apoyo en casa, grupo de apoyo familiar o de amigos que puedan ayudarte en casa en caso de que necesites viajar de vuelta).<\/li>\n<li>Comunicaci\u00f3n y colaboraci\u00f3n constantes y abiertas.<\/li>\n<\/ol>\n<p>Todos nuestros pacientes tienen incluido un PLAN DE PROTECCI\u00d3N que puede cubrir hasta 3.500 dlls en gastos de tratamiento en caso de complicaci\u00f3n que requiera el regreso del paciente a nuestras instalaciones.[\/vc_column_text][\/vc_column][\/vc_row][vc_row full_width=&#8221;stretch_row&#8221; css=&#8221;.vc_custom_1622686028426{background-image: url(<a href=\"https:\/\/beauty-enhance.com\/wp-content\/uploads\/2021\/06\/bg_gray.png?id=8950\">https:\/\/beauty-enhance.com\/wp-content\/uploads\/2021\/06\/bg_gray.png?id=8950<\/a>) !important;background-position: center !important;background-repeat: no-repeat !important;background-size: cover !important;}&#8221;][vc_column][vc_empty_space height=&#8221;50px&#8221;][vc_custom_heading text=&#8221;NUESTROS SERVICIOS&#8221; font_container=&#8221;tag:h2|font_size:30px|text_align:center|color:%23ffffff|line_height:30px&#8221; google_fonts=&#8221;font_family:Lato%3A100%2C100italic%2C300%2C300italic%2Cregular%2Citalic%2C700%2C700italic%2C900%2C900italic|font_style:900%20bold%20regular%3A900%3Anormal&#8221;][vc_column_text css=&#8221;.vc_custom_1622685956145{margin-right: 20% !important;margin-left: 20% !important;}&#8221;]<\/p>\n<p style=\"text-align: center;\"><span style=\"color: #ffffff;\">Nuestros planes incluyen todo y est\u00e1n dise\u00f1ados para proporcionar la MEJOR experiencia posible, reduciendo la posibilidad de complicaciones, controlando tu nivel de dolor y promoviendo un mejor resultado mediante la nutrici\u00f3n, el descanso f\u00edsico y mental y el cuidado de las heridas.<\/span><\/p>\n<p>[\/vc_column_text][vc_row_inner][vc_column_inner width=&#8221;1\/4&#8243; offset=&#8221;vc_col-xs-6&#8243;][vc_single_image image=&#8221;12530&#8243; img_size=&#8221;full&#8221; alignment=&#8221;center&#8221; css=&#8221;&#8221;][vc_single_image image=&#8221;12532&#8243; img_size=&#8221;full&#8221; alignment=&#8221;center&#8221; css=&#8221;&#8221;][\/vc_column_inner][vc_column_inner width=&#8221;1\/4&#8243; offset=&#8221;vc_col-xs-6&#8243;][vc_single_image image=&#8221;12528&#8243; img_size=&#8221;full&#8221; alignment=&#8221;center&#8221; css=&#8221;&#8221;][vc_single_image image=&#8221;12536&#8243; img_size=&#8221;full&#8221; alignment=&#8221;center&#8221; css=&#8221;&#8221;][\/vc_column_inner][vc_column_inner width=&#8221;1\/4&#8243; offset=&#8221;vc_col-xs-6&#8243;][vc_single_image image=&#8221;12524&#8243; img_size=&#8221;full&#8221; alignment=&#8221;center&#8221; css=&#8221;&#8221;][vc_single_image image=&#8221;12526&#8243; img_size=&#8221;full&#8221; alignment=&#8221;center&#8221; css=&#8221;&#8221;][\/vc_column_inner][vc_column_inner width=&#8221;1\/4&#8243; offset=&#8221;vc_col-xs-6&#8243;][vc_single_image image=&#8221;12534&#8243; img_size=&#8221;full&#8221; alignment=&#8221;center&#8221; css=&#8221;&#8221;][vc_single_image image=&#8221;12538&#8243; img_size=&#8221;full&#8221; alignment=&#8221;center&#8221; css=&#8221;&#8221;][\/vc_column_inner][\/vc_row_inner][vc_empty_space height=&#8221;50px&#8221;][vc_btn title=&#8221;SOLICITA TU CONSULTA Y PRESUPUESTO&#8221; style=&#8221;flat&#8221; color=&#8221;white&#8221; size=&#8221;lg&#8221; align=&#8221;center&#8221; link=&#8221;url:https%3A%2F%2Fconsults.beauty-enhance.com%2F|&#8221;][vc_empty_space height=&#8221;50px&#8221;][\/vc_column][\/vc_row]<\/p>\n<\/div>","protected":false},"excerpt":{"rendered":"<p>[vc_row][vc_column width=&#8221;3\/4&#8243;][vc_empty_space][vc_column_text css=&#8221;&#8221;] Muchas mujeres experimentan cambios en sus pechos debido al envejecimiento, la gravedad, el embarazo o la p\u00e9rdida de peso. Los senos pueden perder su forma juvenil, firmeza, volumen, posici\u00f3n y empezar a descolgarse y caer. Las mujeres desean entonces cambiar el tama\u00f1o y\/o la forma de sus pechos para crear unos pechos [&hellip;]<\/p>\n","protected":false},"author":1,"featured_media":11570,"parent":12148,"menu_order":0,"comment_status":"closed","ping_status":"closed","template":"","meta":{"_acf_changed":false,"inline_featured_image":false,"footnotes":""},"class_list":["post-12067","page","type-page","status-publish","has-post-thumbnail","hentry"],"acf":[],"aioseo_notices":[],"jetpack_sharing_enabled":true,"_links":{"self":[{"href":"https:\/\/beauty-enhance.com\/es\/wp-json\/wp\/v2\/pages\/12067","targetHints":{"allow":["GET"]}}],"collection":[{"href":"https:\/\/beauty-enhance.com\/es\/wp-json\/wp\/v2\/pages"}],"about":[{"href":"https:\/\/beauty-enhance.com\/es\/wp-json\/wp\/v2\/types\/page"}],"author":[{"embeddable":true,"href":"https:\/\/beauty-enhance.com\/es\/wp-json\/wp\/v2\/users\/1"}],"replies":[{"embeddable":true,"href":"https:\/\/beauty-enhance.com\/es\/wp-json\/wp\/v2\/comments?post=12067"}],"version-history":[{"count":8,"href":"https:\/\/beauty-enhance.com\/es\/wp-json\/wp\/v2\/pages\/12067\/revisions"}],"predecessor-version":[{"id":12619,"href":"https:\/\/beauty-enhance.com\/es\/wp-json\/wp\/v2\/pages\/12067\/revisions\/12619"}],"up":[{"embeddable":true,"href":"https:\/\/beauty-enhance.com\/es\/wp-json\/wp\/v2\/pages\/12148"}],"wp:featuredmedia":[{"embeddable":true,"href":"https:\/\/beauty-enhance.com\/es\/wp-json\/wp\/v2\/media\/11570"}],"wp:attachment":[{"href":"https:\/\/beauty-enhance.com\/es\/wp-json\/wp\/v2\/media?parent=12067"}],"curies":[{"name":"wp","href":"https:\/\/api.w.org\/{rel}","templated":true}]}}