{"id":12072,"date":"2015-11-06T06:44:08","date_gmt":"2015-11-06T14:44:08","guid":{"rendered":"https:\/\/beauty-enhance.com\/dra-carmina-cardenas\/"},"modified":"2024-12-26T01:10:28","modified_gmt":"2024-12-26T09:10:28","slug":"dra-carmina-cardenas","status":"publish","type":"page","link":"https:\/\/beauty-enhance.com\/es\/dra-carmina-cardenas\/","title":{"rendered":"Dra. Carmina C\u00e1rdenas"},"content":{"rendered":"<div class=\"wpb-content-wrapper\"><p>[vc_row full_width=&#8221;stretch_row_content&#8221; equal_height=&#8221;yes&#8221; content_placement=&#8221;middle&#8221;][vc_column css=&#8221;.vc_custom_1606108779695{background-image: url(<a href=\"https:\/\/beauty-enhance.com\/wp-content\/uploads\/2020\/11\/bg_Dra_Carmina-Cardenas.jpg?id=8302\">https:\/\/beauty-enhance.com\/wp-content\/uploads\/2020\/11\/bg_Dra_Carmina-Cardenas.jpg?id=8302<\/a>) !important;background-position: center !important;background-repeat: no-repeat !important;background-size: cover !important;}&#8221; offset=&#8221;vc_col-lg-6 vc_col-md-6&#8243;][vc_empty_space height=&#8221;300px&#8221;][\/vc_column][vc_column css=&#8221;.vc_custom_1485266194533{padding-right: 10% !important;padding-left: 10% !important;background-color: #f3f3f3 !important;}&#8221; offset=&#8221;vc_col-lg-6 vc_col-md-6&#8243;][vc_empty_space height=&#8221;80px&#8221;][vc_custom_heading text=&#8221;CIRUJANO&#8221; font_container=&#8221;tag:h1|font_size:55px|text_align:left|color:%23cccccc|line_height:100px&#8221; google_fonts=&#8221;font_family:Oswald%3A300%2Cregular%2C700|font_style:700%20bold%20regular%3A700%3Anormal&#8221;][vc_custom_heading text=&#8221;DRA. CARMINA CARDENAS&#8221; font_container=&#8221;tag:h4|font_size:34px|text_align:left|color:%23000000|line_height:34px&#8221; google_fonts=&#8221;font_family:Dosis%3A200%2C300%2Cregular%2C500%2C600%2C700%2C800|font_style:400%20regular%3A400%3Anormal&#8221; css=&#8221;.vc_custom_1735204220922{margin-top: -40px !important;margin-bottom: 30px !important;padding-top: 5px !important;padding-bottom: 5px !important;background-color: #f3f3f3 !important;}&#8221;][vc_custom_heading text=&#8221;CIRUJANO PL\u00c1STICO, EST\u00c9TICO Y<br \/>\nRECONSTRUCTIVO CERTIFICADO&#8221; font_container=&#8221;tag:div|text_align:left|color:%23000000&#8243; google_fonts=&#8221;font_family:Lato%3A100%2C100italic%2C300%2C300italic%2Cregular%2Citalic%2C700%2C700italic%2C900%2C900italic|font_style:400%20regular%3A400%3Anormal&#8221; css=&#8221;.vc_custom_1735204186921{margin-top: -40px !important;margin-bottom: 30px !important;padding-top: 5px !important;padding-bottom: 5px !important;background-color: #f3f3f3 !important;}&#8221;][vc_custom_heading text=&#8221;DGP. 2773411 U. de G. | Ced. Esp. 4011169&#8243; font_container=&#8221;tag:div|text_align:left|color:%23000000&#8243; google_fonts=&#8221;font_family:Lato%3A100%2C100italic%2C300%2C300italic%2Cregular%2Citalic%2C700%2C700italic%2C900%2C900italic|font_style:900%20bold%20regular%3A900%3Anormal&#8221; css=&#8221;.vc_custom_1606106180221{margin-top: -40px !important;margin-bottom: 30px !important;padding-top: 5px !important;padding-bottom: 5px !important;background-color: #f3f3f3 !important;}&#8221;][vc_column_text css=&#8221;.vc_custom_1606105960976{margin-top: 0px !important;margin-bottom: 0px !important;border-top-width: 0px !important;border-bottom-width: 0px !important;padding-top: 0px !important;padding-bottom: 0px !important;}&#8221;]Egresada de la Facultad de Medicina de la Universidad de Guadalajara <strong>(UDG<\/strong> ) en 1996. La Dra. C\u00e1rdenas complet\u00f3 su residencia y se gradu\u00f3 con honores en el Instituto Mexicano del Seguro Social, en el Hospital de Especialidades en Cirug\u00eda Pl\u00e1stica y Reconstructiva <strong>(IMSS)<\/strong>. Tuvo el honor de ser la primera mujer en recibir el t\u00edtulo de Jefa de Residentes. Miembro activo de la Asociaci\u00f3n Mexicana de Cirug\u00eda Pl\u00e1stica, Est\u00e9tica y Reconstructiva <strong>(AMCPER)<\/strong>. La Dra. C\u00e1rdenas est\u00e1 Certificada por el Consejo Mexicano de Cirug\u00eda Pl\u00e1stica, Est\u00e9tica y Reconstructiva <strong>(CMCPER)<\/strong>. Miembro activo de la Asociaci\u00f3n de Cirujanos Pl\u00e1sticos, Est\u00e9ticos y Reconstructivos de Baja California <strong>(CCPERBC)<\/strong>. Miembro de la Federaci\u00f3n Ibero-Latinoamericana de Cirug\u00eda Pl\u00e1stica <strong>(FILACP)<\/strong>. Miembro de la Sociedad Pl\u00e1stica de San Diego <strong>(SDPSS)<\/strong>. Miembro de la Sociedad Internacional de Cirug\u00eda Pl\u00e1stica Est\u00e9tica <strong>(ISAPS)<\/strong>&#8220;.[\/vc_column_text][vc_empty_space height=&#8221;30px&#8221;][vc_single_image image=&#8221;12063&#8243; img_size=&#8221;175&#215;38&#8243;][vc_empty_space height=&#8221;80px&#8221;][\/vc_column][\/vc_row][vc_row][vc_column][vc_empty_space height=&#8221;25px&#8221;][vc_custom_heading text=&#8221;CERTIFICACIONES&#8221; font_container=&#8221;tag:h2|font_size:25px|text_align:center|line_height:30px&#8221; use_theme_fonts=&#8221;yes&#8221;][vc_empty_space height=&#8221;25px&#8221;][vc_column_text]<div class=\"lshowcase-clear-both\">&nbsp;<\/div><div class=\"lshowcase-logos \"><div class='lshowcase-flex' ><div  data-entry-id='5258' class='lshowcase-thumb lshowcase-hover-grayscale lshowcase-tooltip lshowcase-box-8 ls-certificacions ls-certifications-home '><div style=\"padding:5%;\" class=\"lshowcase-wrap-responsive\"><div data-entry-id=\"5258\" class=\"lshowcase-boxInner\"><img data-recalc-dims=\"1\" data-original-title='CONACEM' data-entry-id='5258' src=\"https:\/\/i0.wp.com\/beauty-enhance.com\/wp-content\/uploads\/2017\/06\/certificaciones_CONACEM.png?resize=300%2C300&#038;ssl=1\"  width=\"300\"  height=\"300\"  alt='' title='CONACEM' class='lshowcase-thumb'  \/><\/div><\/div><\/div><div  data-entry-id='5259' class='lshowcase-thumb lshowcase-hover-grayscale lshowcase-tooltip lshowcase-box-8 ls-certificacions '><div style=\"padding:5%;\" class=\"lshowcase-wrap-responsive\"><div data-entry-id=\"5259\" class=\"lshowcase-boxInner\"><a href='https:\/\/cirugiaplastica.mx\/directorio\/baja-california\/1151' target='_blank' ><img data-recalc-dims=\"1\" data-original-title='AMCPER' data-entry-id='5259' src=\"https:\/\/i0.wp.com\/beauty-enhance.com\/wp-content\/uploads\/2017\/06\/certificaciones_AMCPER.png?resize=300%2C300&#038;ssl=1\"  width=\"300\"  height=\"300\"  alt='' title='AMCPER' class='lshowcase-thumb'   \/><\/a><\/div><\/div><\/div><div  data-entry-id='5260' class='lshowcase-thumb lshowcase-hover-grayscale lshowcase-tooltip lshowcase-box-8 ls-certificacions '><div style=\"padding:5%;\" class=\"lshowcase-wrap-responsive\"><div data-entry-id=\"5260\" class=\"lshowcase-boxInner\"><a href='https:\/\/www.isaps.org\/' target='_blank' ><img data-recalc-dims=\"1\" data-original-title='ISAPS' data-entry-id='5260' src=\"https:\/\/i0.wp.com\/beauty-enhance.com\/wp-content\/uploads\/2017\/06\/certificaciones_ISAPS.png?resize=300%2C300&#038;ssl=1\"  width=\"300\"  height=\"300\"  alt='' title='ISAPS' class='lshowcase-thumb'   \/><\/a><\/div><\/div><\/div><div  data-entry-id='5261' class='lshowcase-thumb lshowcase-hover-grayscale lshowcase-tooltip lshowcase-box-8 ls-certificacions ls-certifications-home '><div style=\"padding:5%;\" class=\"lshowcase-wrap-responsive\"><div data-entry-id=\"5261\" class=\"lshowcase-boxInner\"><a href='https:\/\/www.cmcper.org.mx\/' target='_blank' ><img data-recalc-dims=\"1\" data-original-title='CMCPER' data-entry-id='5261' src=\"https:\/\/i0.wp.com\/beauty-enhance.com\/wp-content\/uploads\/2017\/06\/certificaciones_CMCPER.png?resize=300%2C300&#038;ssl=1\"  width=\"300\"  height=\"300\"  alt='' title='CMCPER' class='lshowcase-thumb'   \/><\/a><\/div><\/div><\/div><div  data-entry-id='5262' class='lshowcase-thumb lshowcase-hover-grayscale lshowcase-tooltip lshowcase-box-8 ls-certificacions ls-certifications-home ls-dr-leyva-certifications '><div style=\"padding:5%;\" class=\"lshowcase-wrap-responsive\"><div data-entry-id=\"5262\" class=\"lshowcase-boxInner\"><img data-recalc-dims=\"1\" data-original-title='Universidad de Guadalajara' data-entry-id='5262' src=\"https:\/\/i0.wp.com\/beauty-enhance.com\/wp-content\/uploads\/2017\/06\/certificaciones_UDEG.png?resize=300%2C300&#038;ssl=1\"  width=\"300\"  height=\"300\"  alt='' title='Universidad de Guadalajara' class='lshowcase-thumb'  \/><\/div><\/div><\/div><div  data-entry-id='5266' class='lshowcase-thumb lshowcase-hover-grayscale lshowcase-tooltip lshowcase-box-8 ls-certificacions ls-certifications-home '><div style=\"padding:5%;\" class=\"lshowcase-wrap-responsive\"><div data-entry-id=\"5266\" class=\"lshowcase-boxInner\"><a href='http:\/\/ccperbc.com\/v2\/directorio-a-b-c-d-e.html' target='_blank' ><img data-recalc-dims=\"1\" data-original-title='CCPER' data-entry-id='5266' src=\"https:\/\/i0.wp.com\/beauty-enhance.com\/wp-content\/uploads\/2017\/06\/certificaciones_CCPER.jpg?resize=300%2C300&#038;ssl=1\"  width=\"300\"  height=\"300\"  alt='' title='CCPER' class='lshowcase-thumb'   \/><\/a><\/div><\/div><\/div><div  data-entry-id='5267' class='lshowcase-thumb lshowcase-hover-grayscale lshowcase-tooltip lshowcase-box-8 ls-certificacions ls-certifications-home '><div style=\"padding:5%;\" class=\"lshowcase-wrap-responsive\"><div data-entry-id=\"5267\" class=\"lshowcase-boxInner\"><a href='http:\/\/www.filacp.org\/' target='_blank' ><img data-recalc-dims=\"1\" data-original-title='FILACP' data-entry-id='5267' src=\"https:\/\/i0.wp.com\/beauty-enhance.com\/wp-content\/uploads\/2017\/06\/certificaciones_FILACP.png?resize=300%2C300&#038;ssl=1\"  width=\"300\"  height=\"300\"  alt='' title='FILACP' class='lshowcase-thumb'   \/><\/a><\/div><\/div><\/div><div  data-entry-id='5269' class='lshowcase-thumb lshowcase-hover-grayscale lshowcase-tooltip lshowcase-box-8 ls-certificacions '><div style=\"padding:5%;\" class=\"lshowcase-wrap-responsive\"><div data-entry-id=\"5269\" class=\"lshowcase-boxInner\"><a href='https:\/\/find.plasticsurgery.org\/?member=+Laura+Carmina+Cardenas' target='_blank' ><img data-recalc-dims=\"1\" data-original-title='American Society of Plastic Surgeons' data-entry-id='5269' src=\"https:\/\/i0.wp.com\/beauty-enhance.com\/wp-content\/uploads\/2017\/06\/certificaciones_ASPS.png?resize=301%2C300&#038;ssl=1\"  width=\"301\"  height=\"300\"  alt='' title='American Society of Plastic Surgeons' class='lshowcase-thumb'   \/><\/a><\/div><\/div><\/div><\/div><\/div><div class=\"lshowcase-clear-both\">&nbsp;<\/div>[\/vc_column_text][vc_empty_space height=&#8221;50px&#8221;][\/vc_column][\/vc_row]<\/p>\n<\/div>","protected":false},"excerpt":{"rendered":"<p>[vc_row full_width=&#8221;stretch_row_content&#8221; equal_height=&#8221;yes&#8221; content_placement=&#8221;middle&#8221;][vc_column css=&#8221;.vc_custom_1606108779695{background-image: url(<a href=\"https:\/\/beauty-enhance.com\/wp-content\/uploads\/2020\/11\/bg_Dra_Carmina-Cardenas.jpg?id=8302\">https:\/\/beauty-enhance.com\/wp-content\/uploads\/2020\/11\/bg_Dra_Carmina-Cardenas.jpg?id=8302<\/a>) !important;background-position: center !important;background-repeat: no-repeat !important;background-size: cover !important;}&#8221; offset=&#8221;vc_col-lg-6 vc_col-md-6&#8243;][vc_empty_space height=&#8221;300px&#8221;][\/vc_column][vc_column css=&#8221;.vc_custom_1485266194533{padding-right: 10% !important;padding-left: 10% !important;background-color: #f3f3f3 !important;}&#8221; offset=&#8221;vc_col-lg-6 vc_col-md-6&#8243;][vc_empty_space height=&#8221;80px&#8221;][vc_custom_heading text=&#8221;CIRUJANO&#8221; font_container=&#8221;tag:h1|font_size:55px|text_align:left|color:%23cccccc|line_height:100px&#8221; google_fonts=&#8221;font_family:Oswald%3A300%2Cregular%2C700|font_style:700%20bold%20regular%3A700%3Anormal&#8221;][vc_custom_heading text=&#8221;DRA. CARMINA CARDENAS&#8221; font_container=&#8221;tag:h4|font_size:34px|text_align:left|color:%23000000|line_height:34px&#8221; google_fonts=&#8221;font_family:Dosis%3A200%2C300%2Cregular%2C500%2C600%2C700%2C800|font_style:400%20regular%3A400%3Anormal&#8221; css=&#8221;.vc_custom_1735204220922{margin-top: -40px !important;margin-bottom: 30px !important;padding-top: 5px !important;padding-bottom: 5px !important;background-color: #f3f3f3 !important;}&#8221;][vc_custom_heading text=&#8221;CIRUJANO PL\u00c1STICO, EST\u00c9TICO Y RECONSTRUCTIVO CERTIFICADO&#8221; font_container=&#8221;tag:div|text_align:left|color:%23000000&#8243; google_fonts=&#8221;font_family:Lato%3A100%2C100italic%2C300%2C300italic%2Cregular%2Citalic%2C700%2C700italic%2C900%2C900italic|font_style:400%20regular%3A400%3Anormal&#8221; css=&#8221;.vc_custom_1735204186921{margin-top: -40px [&hellip;]<\/p>\n","protected":false},"author":1,"featured_media":0,"parent":0,"menu_order":2,"comment_status":"closed","ping_status":"closed","template":"","meta":{"_acf_changed":false,"inline_featured_image":false,"footnotes":""},"class_list":["post-12072","page","type-page","status-publish","hentry"],"acf":[],"aioseo_notices":[],"jetpack_sharing_enabled":true,"_links":{"self":[{"href":"https:\/\/beauty-enhance.com\/es\/wp-json\/wp\/v2\/pages\/12072","targetHints":{"allow":["GET"]}}],"collection":[{"href":"https:\/\/beauty-enhance.com\/es\/wp-json\/wp\/v2\/pages"}],"about":[{"href":"https:\/\/beauty-enhance.com\/es\/wp-json\/wp\/v2\/types\/page"}],"author":[{"embeddable":true,"href":"https:\/\/beauty-enhance.com\/es\/wp-json\/wp\/v2\/users\/1"}],"replies":[{"embeddable":true,"href":"https:\/\/beauty-enhance.com\/es\/wp-json\/wp\/v2\/comments?post=12072"}],"version-history":[{"count":8,"href":"https:\/\/beauty-enhance.com\/es\/wp-json\/wp\/v2\/pages\/12072\/revisions"}],"predecessor-version":[{"id":12717,"href":"https:\/\/beauty-enhance.com\/es\/wp-json\/wp\/v2\/pages\/12072\/revisions\/12717"}],"wp:attachment":[{"href":"https:\/\/beauty-enhance.com\/es\/wp-json\/wp\/v2\/media?parent=12072"}],"curies":[{"name":"wp","href":"https:\/\/api.w.org\/{rel}","templated":true}]}}