{"id":12080,"date":"2015-11-06T21:14:33","date_gmt":"2015-11-07T05:14:33","guid":{"rendered":"https:\/\/beauty-enhance.com\/dr-eugenio-leyva\/"},"modified":"2024-12-26T01:43:46","modified_gmt":"2024-12-26T09:43:46","slug":"dr-eugenio-leyva","status":"publish","type":"page","link":"https:\/\/beauty-enhance.com\/es\/dr-eugenio-leyva\/","title":{"rendered":"Dr. Eugenio Leyva"},"content":{"rendered":"<div class=\"wpb-content-wrapper\"><p>[vc_row full_width=&#8221;stretch_row_content&#8221; equal_height=&#8221;yes&#8221; content_placement=&#8221;middle&#8221;][vc_column css=&#8221;.vc_custom_1606110279144{background-image: url(<a href=\"https:\/\/beauty-enhance.com\/wp-content\/uploads\/2020\/11\/bg_eugenio_leyva-01.jpg?id=8311\">https:\/\/beauty-enhance.com\/wp-content\/uploads\/2020\/11\/bg_eugenio_leyva-01.jpg?id=8311<\/a>) !important;background-position: center !important;background-repeat: no-repeat !important;background-size: cover !important;}&#8221; offset=&#8221;vc_col-lg-6 vc_col-md-6&#8243;][vc_empty_space height=&#8221;300px&#8221;][\/vc_column][vc_column css=&#8221;.vc_custom_1485266194533{padding-right: 10% !important;padding-left: 10% !important;background-color: #f3f3f3 !important;}&#8221; offset=&#8221;vc_col-lg-6 vc_col-md-6&#8243;][vc_empty_space height=&#8221;80px&#8221;][vc_custom_heading text=&#8221;ANESTESI\u00d3LOGO&#8221; font_container=&#8221;tag:h1|font_size:55px|text_align:left|color:%23cccccc|line_height:100px&#8221; google_fonts=&#8221;font_family:Oswald%3A300%2Cregular%2C700|font_style:700%20bold%20regular%3A700%3Anormal&#8221; css=&#8221;&#8221;][vc_custom_heading text=&#8221;EUGENIO LEYVA, M.D.&#8221; font_container=&#8221;tag:h4|font_size:34px|text_align:left|color:%23000000|line_height:34px&#8221; google_fonts=&#8221;font_family:Dosis%3A200%2C300%2Cregular%2C500%2C600%2C700%2C800|font_style:400%20regular%3A400%3Anormal&#8221; css=&#8221;.vc_custom_1606110131009{margin-top: -40px !important;margin-bottom: 30px !important;padding-top: 5px !important;padding-bottom: 5px !important;background-color: #f3f3f3 !important;}&#8221;][vc_custom_heading text=&#8221;ANESTESISTA TITULADO&#8221; font_container=&#8221;tag:div|text_align:left|color:%23000000&#8243; google_fonts=&#8221;font_family:Lato%3A100%2C100italic%2C300%2C300italic%2Cregular%2Citalic%2C700%2C700italic%2C900%2C900italic|font_style:400%20regular%3A400%3Anormal&#8221; css=&#8221;.vc_custom_1606110121292{margin-top: -40px !important;margin-bottom: 30px !important;padding-top: 5px !important;padding-bottom: 5px !important;background-color: #f3f3f3 !important;}&#8221;][vc_custom_heading text=&#8221;Ced. Pro. 4743232&#8243; font_container=&#8221;tag:div|text_align:left|color:%23000000&#8243; google_fonts=&#8221;font_family:Lato%3A100%2C100italic%2C300%2C300italic%2Cregular%2Citalic%2C700%2C700italic%2C900%2C900italic|font_style:900%20bold%20regular%3A900%3Anormal&#8221; css=&#8221;.vc_custom_1606110191038{margin-top: -40px !important;margin-bottom: 30px !important;padding-top: 5px !important;padding-bottom: 5px !important;background-color: #f3f3f3 !important;}&#8221;][vc_column_text css=&#8221;.vc_custom_1606110110991{margin-top: 0px !important;margin-bottom: 0px !important;border-top-width: 0px !important;border-bottom-width: 0px !important;padding-top: 0px !important;padding-bottom: 0px !important;}&#8221;]El Dr. Eugenio Leyva se gradu\u00f3 con Honores de la Universidad de Baja California (UABC), recibiendo su t\u00edtulo de M\u00e9dico en 1999 bajo la Lic. #3661229. #3661229. Realiz\u00f3 su especialidad en Anestesia en el Centro M\u00e9dico de Occidente (IMSS), en 2003 obtuvo la Certificaci\u00f3n del Consejo Mexicano de Anestesiolog\u00eda. <strong>Experiencia Laboral<\/strong><br \/>\nEn 2003 trabaj\u00f3 como Jefe de Anestesiolog\u00eda en el Hospital General del Instituto Mexicano del Seguro Social (IMSS). Desde 2005 el Dr. Leyva trabaja en el \u00e1rea de Cirug\u00eda Pl\u00e1stica y Reconstructiva con la Dra. Carmina C\u00e1rdenas como parte del equipo Beauty Enhance. Anualmente, el Dr. Leyva imparte conferencias en la Federaci\u00f3n Mexicana de Anestesiolog\u00eda (FMCA), y contin\u00faa estudiando, manteni\u00e9ndose al d\u00eda con la \u00faltima tecnolog\u00eda en todas las \u00e1reas de la anestesiolog\u00eda. Realiza 4 cursos cada tres a\u00f1os en la Federaci\u00f3n Europea de Anestesiolog\u00eda (CEEA).[\/vc_column_text][vc_empty_space height=&#8221;30px&#8221;][vc_single_image image=&#8221;12063&#8243; img_size=&#8221;175&#215;38&#8243;][vc_empty_space height=&#8221;80px&#8221;][\/vc_column][\/vc_row][vc_row][vc_column][vc_empty_space height=&#8221;25px&#8221;][vc_custom_heading text=&#8221;CERTIFICACIONES&#8221; font_container=&#8221;tag:h2|font_size:25px|text_align:center|line_height:30px&#8221; use_theme_fonts=&#8221;yes&#8221;][vc_empty_space height=&#8221;25px&#8221;][vc_column_text]<div class=\"lshowcase-clear-both\">&nbsp;<\/div><div class=\"lshowcase-logos \"><div class='lshowcase-flex' ><div  data-entry-id='6063' class='lshowcase-thumb lshowcase-hover-grayscale lshowcase-tooltip lshowcase-box-8 ls-dr-leyva-certifications '><div style=\"padding:5%;\" class=\"lshowcase-wrap-responsive\"><div data-entry-id=\"6063\" class=\"lshowcase-boxInner\"><a href='http:\/\/www.fmcaac.com' target='_blank' ><img data-recalc-dims=\"1\" data-original-title='Federaci\u00f3n Mexicana de Colegios de Anestesiolog\u00eda' data-entry-id='6063' src=\"https:\/\/i0.wp.com\/beauty-enhance.com\/wp-content\/uploads\/2017\/08\/certificaciones_FMCA.png?resize=300%2C300&#038;ssl=1\"  width=\"300\"  height=\"300\"  alt='' title='Federaci\u00f3n Mexicana de Colegios de Anestesiolog\u00eda' class='lshowcase-thumb'   \/><\/a><\/div><\/div><\/div><div  data-entry-id='6064' class='lshowcase-thumb lshowcase-hover-grayscale lshowcase-tooltip lshowcase-box-8 ls-dr-leyva-certifications '><div style=\"padding:5%;\" class=\"lshowcase-wrap-responsive\"><div data-entry-id=\"6064\" class=\"lshowcase-boxInner\"><a href='http:\/\/www.imss.gob.mx\/' target='_blank' ><img data-recalc-dims=\"1\" data-original-title='IMSS' data-entry-id='6064' src=\"https:\/\/i0.wp.com\/beauty-enhance.com\/wp-content\/uploads\/2017\/06\/certificaciones_IMSS.png?resize=300%2C300&#038;ssl=1\"  width=\"300\"  height=\"300\"  alt='' title='IMSS' class='lshowcase-thumb'   \/><\/a><\/div><\/div><\/div><div  data-entry-id='5262' class='lshowcase-thumb lshowcase-hover-grayscale lshowcase-tooltip lshowcase-box-8 ls-certificacions ls-certifications-home ls-dr-leyva-certifications '><div style=\"padding:5%;\" class=\"lshowcase-wrap-responsive\"><div data-entry-id=\"5262\" class=\"lshowcase-boxInner\"><img data-recalc-dims=\"1\" data-original-title='Universidad de Guadalajara' data-entry-id='5262' src=\"https:\/\/i0.wp.com\/beauty-enhance.com\/wp-content\/uploads\/2017\/06\/certificaciones_UDEG.png?resize=300%2C300&#038;ssl=1\"  width=\"300\"  height=\"300\"  alt='' title='Universidad de Guadalajara' class='lshowcase-thumb'  \/><\/div><\/div><\/div><div  data-entry-id='6058' class='lshowcase-thumb lshowcase-hover-grayscale lshowcase-tooltip lshowcase-box-8 ls-dr-leyva-certifications '><div style=\"padding:5%;\" class=\"lshowcase-wrap-responsive\"><div data-entry-id=\"6058\" class=\"lshowcase-boxInner\"><a href='https:\/\/www.esahq.org' target='_blank' ><img data-recalc-dims=\"1\" data-original-title='The European Society of Anaesthesiology (ESA)' data-entry-id='6058' src=\"https:\/\/i0.wp.com\/beauty-enhance.com\/wp-content\/uploads\/2017\/08\/certificaciones_ESA.png?resize=300%2C300&#038;ssl=1\"  width=\"300\"  height=\"300\"  alt='' title='The European Society of Anaesthesiology (ESA)' class='lshowcase-thumb'   \/><\/a><\/div><\/div><\/div><div  data-entry-id='6062' class='lshowcase-thumb lshowcase-hover-grayscale lshowcase-tooltip lshowcase-box-8 ls-dr-leyva-certifications '><div style=\"padding:5%;\" class=\"lshowcase-wrap-responsive\"><div data-entry-id=\"6062\" class=\"lshowcase-boxInner\"><a href='http:\/\/www.uabc.mx\/' target='_blank' ><img data-recalc-dims=\"1\" data-original-title='UABC' data-entry-id='6062' src=\"https:\/\/i0.wp.com\/beauty-enhance.com\/wp-content\/uploads\/2017\/08\/certificaciones_UABC.png?resize=300%2C300&#038;ssl=1\"  width=\"300\"  height=\"300\"  alt='' title='UABC' class='lshowcase-thumb'   \/><\/a><\/div><\/div><\/div><\/div><\/div><div class=\"lshowcase-clear-both\">&nbsp;<\/div>[\/vc_column_text][vc_empty_space height=&#8221;50px&#8221;][\/vc_column][\/vc_row]<\/p>\n<\/div>","protected":false},"excerpt":{"rendered":"<p>[vc_row full_width=&#8221;stretch_row_content&#8221; equal_height=&#8221;yes&#8221; content_placement=&#8221;middle&#8221;][vc_column css=&#8221;.vc_custom_1606110279144{background-image: url(<a href=\"https:\/\/beauty-enhance.com\/wp-content\/uploads\/2020\/11\/bg_eugenio_leyva-01.jpg?id=8311\">https:\/\/beauty-enhance.com\/wp-content\/uploads\/2020\/11\/bg_eugenio_leyva-01.jpg?id=8311<\/a>) !important;background-position: center !important;background-repeat: no-repeat !important;background-size: cover !important;}&#8221; offset=&#8221;vc_col-lg-6 vc_col-md-6&#8243;][vc_empty_space height=&#8221;300px&#8221;][\/vc_column][vc_column css=&#8221;.vc_custom_1485266194533{padding-right: 10% !important;padding-left: 10% !important;background-color: #f3f3f3 !important;}&#8221; offset=&#8221;vc_col-lg-6 vc_col-md-6&#8243;][vc_empty_space height=&#8221;80px&#8221;][vc_custom_heading text=&#8221;ANESTESI\u00d3LOGO&#8221; font_container=&#8221;tag:h1|font_size:55px|text_align:left|color:%23cccccc|line_height:100px&#8221; google_fonts=&#8221;font_family:Oswald%3A300%2Cregular%2C700|font_style:700%20bold%20regular%3A700%3Anormal&#8221; css=&#8221;&#8221;][vc_custom_heading text=&#8221;EUGENIO LEYVA, M.D.&#8221; font_container=&#8221;tag:h4|font_size:34px|text_align:left|color:%23000000|line_height:34px&#8221; google_fonts=&#8221;font_family:Dosis%3A200%2C300%2Cregular%2C500%2C600%2C700%2C800|font_style:400%20regular%3A400%3Anormal&#8221; css=&#8221;.vc_custom_1606110131009{margin-top: -40px !important;margin-bottom: 30px !important;padding-top: 5px !important;padding-bottom: 5px !important;background-color: #f3f3f3 !important;}&#8221;][vc_custom_heading text=&#8221;ANESTESISTA TITULADO&#8221; font_container=&#8221;tag:div|text_align:left|color:%23000000&#8243; google_fonts=&#8221;font_family:Lato%3A100%2C100italic%2C300%2C300italic%2Cregular%2Citalic%2C700%2C700italic%2C900%2C900italic|font_style:400%20regular%3A400%3Anormal&#8221; css=&#8221;.vc_custom_1606110121292{margin-top: -40px !important;margin-bottom: 30px !important;padding-top: [&hellip;]<\/p>\n","protected":false},"author":1,"featured_media":0,"parent":0,"menu_order":3,"comment_status":"closed","ping_status":"closed","template":"","meta":{"_acf_changed":false,"inline_featured_image":false,"footnotes":""},"class_list":["post-12080","page","type-page","status-publish","hentry"],"acf":[],"aioseo_notices":[],"jetpack_sharing_enabled":true,"_links":{"self":[{"href":"https:\/\/beauty-enhance.com\/es\/wp-json\/wp\/v2\/pages\/12080","targetHints":{"allow":["GET"]}}],"collection":[{"href":"https:\/\/beauty-enhance.com\/es\/wp-json\/wp\/v2\/pages"}],"about":[{"href":"https:\/\/beauty-enhance.com\/es\/wp-json\/wp\/v2\/types\/page"}],"author":[{"embeddable":true,"href":"https:\/\/beauty-enhance.com\/es\/wp-json\/wp\/v2\/users\/1"}],"replies":[{"embeddable":true,"href":"https:\/\/beauty-enhance.com\/es\/wp-json\/wp\/v2\/comments?post=12080"}],"version-history":[{"count":6,"href":"https:\/\/beauty-enhance.com\/es\/wp-json\/wp\/v2\/pages\/12080\/revisions"}],"predecessor-version":[{"id":12728,"href":"https:\/\/beauty-enhance.com\/es\/wp-json\/wp\/v2\/pages\/12080\/revisions\/12728"}],"wp:attachment":[{"href":"https:\/\/beauty-enhance.com\/es\/wp-json\/wp\/v2\/media?parent=12080"}],"curies":[{"name":"wp","href":"https:\/\/api.w.org\/{rel}","templated":true}]}}