{"id":12102,"date":"2015-11-06T22:12:24","date_gmt":"2015-11-07T06:12:24","guid":{"rendered":"https:\/\/beauty-enhance.com\/liposuccion-lipoescultura-2\/"},"modified":"2024-12-18T15:54:03","modified_gmt":"2024-12-18T23:54:03","slug":"liposuccion-lipoescultura-2","status":"publish","type":"page","link":"https:\/\/beauty-enhance.com\/es\/galeria\/liposuccion-lipoescultura-2\/","title":{"rendered":"Liposucci\u00f3n \/ Lipoescultura"},"content":{"rendered":"<div class=\"wpb-content-wrapper\"><p>[vc_row][vc_column][vc_empty_space][vc_text_separator title=&#8221;LIPOSCULPTURA&#8221;][\/vc_column][\/vc_row][vc_row css=&#8221;.vc_custom_1464578036626{margin-top: 10px !important;margin-bottom: 10px !important;}&#8221;][vc_column][vc_row_inner][vc_column_inner width=&#8221;1\/4&#8243;][vc_custom_heading text=&#8221;LIPOSCULPTURA&#8221; font_container=&#8221;tag:h3|text_align:left&#8221; use_theme_fonts=&#8221;yes&#8221; css=&#8221;.vc_custom_1621134653397{padding-top: 15px !important;}&#8221;][\/vc_column_inner][vc_column_inner width=&#8221;7\/12&#8243;][vc_column_text]<strong>6 meses despu\u00e9s de la operaci\u00f3n.<\/strong><br \/>\n<strong>Estad\u00edsticas de la cirug\u00eda:<\/strong> <em>Liposucci\u00f3n de abdomen, cintura, espalda alta y baja, Transferencia de grasa a Gl\u00fateos: 600cc Caderas: 250cc<\/em>[\/vc_column_text][\/vc_column_inner][vc_column_inner width=&#8221;1\/6&#8243;][vc_custom_heading text=&#8221;PACIENTE 8&#8243; font_container=&#8221;tag:h2|font_size:25px|text_align:right|color:%23e3e3e3|line_height:25px&#8221; google_fonts=&#8221;font_family:Roboto%20Condensed%3A300%2C300italic%2Cregular%2Citalic%2C700%2C700italic|font_style:300%20light%20regular%3A300%3Anormal&#8221; css=&#8221;.vc_custom_1557266212666{padding-top: 15px !important;}&#8221;][\/vc_column_inner][\/vc_row_inner][vc_row_inner css=&#8221;.vc_custom_1621134866172{margin: 0px !important;padding: 0px !important;border: 0px initial !important;}&#8221;][vc_column_inner width=&#8221;1\/2&#8243;][vc_single_image image=&#8221;11424&#8243; img_size=&#8221;full&#8221; css=&#8221;.vc_custom_1557266487548{margin-top: 0px !important;margin-right: 0px !important;margin-bottom: 0px !important;margin-left: 0px !important;border-top-width: 0px !important;border-right-width: 0px !important;border-bottom-width: 0px !important;border-left-width: 0px !important;padding-top: 0px !important;padding-right: 0px !important;padding-bottom: 0px !important;padding-left: 0px !important;}&#8221;][\/vc_column_inner][vc_column_inner width=&#8221;1\/2&#8243;][vc_single_image image=&#8221;11423&#8243; img_size=&#8221;full&#8221; css=&#8221;.vc_custom_1557266511092{margin-top: 0px !important;margin-right: 0px !important;margin-bottom: 0px !important;margin-left: 0px !important;border-top-width: 0px !important;border-right-width: 0px !important;border-bottom-width: 0px !important;border-left-width: 0px !important;padding-top: 0px !important;padding-right: 0px !important;padding-bottom: 0px !important;padding-left: 0px !important;}&#8221;][\/vc_column_inner][\/vc_row_inner][vc_separator css=&#8221;.vc_custom_1621134809565{margin-top: 15px !important;}&#8221;][\/vc_column][\/vc_row][vc_row css=&#8221;.vc_custom_1464578036626{margin-top: 10px !important;margin-bottom: 10px !important;}&#8221;][vc_column][vc_row_inner][vc_column_inner width=&#8221;1\/4&#8243;][vc_custom_heading text=&#8221;LIPOSCULPTURA&#8221; font_container=&#8221;tag:h3|text_align:left&#8221; use_theme_fonts=&#8221;yes&#8221; css=&#8221;.vc_custom_1621134653397{padding-top: 15px !important;}&#8221;][\/vc_column_inner][vc_column_inner width=&#8221;7\/12&#8243;][vc_column_text]<strong>6 meses despu\u00e9s de la operaci\u00f3n.<\/strong><br \/>\n<strong>Estad\u00edsticas de la cirug\u00eda:<\/strong> <em>Liposucci\u00f3n de abdomen, cintura, ment\u00f3n y espalda baja, Transferencia de grasa a Gl\u00fateos: 720cc Caderas: 300cc<\/em>[\/vc_column_text][\/vc_column_inner][vc_column_inner width=&#8221;1\/6&#8243;][vc_custom_heading text=&#8221;PACIENTE 1&#8243; font_container=&#8221;tag:h2|font_size:25px|text_align:right|color:%23e3e3e3|line_height:25px&#8221; google_fonts=&#8221;font_family:Roboto%20Condensed%3A300%2C300italic%2Cregular%2Citalic%2C700%2C700italic|font_style:300%20light%20regular%3A300%3Anormal&#8221; css=&#8221;.vc_custom_1543353298354{padding-top: 15px !important;}&#8221;][\/vc_column_inner][\/vc_row_inner][vc_row_inner css=&#8221;.vc_custom_1621134866172{margin: 0px !important;padding: 0px !important;border: 0px initial !important;}&#8221;][vc_column_inner width=&#8221;1\/2&#8243;][vc_single_image image=&#8221;11381&#8243; img_size=&#8221;full&#8221; css=&#8221;.vc_custom_1543353481811{margin-top: 0px !important;margin-right: 0px !important;margin-bottom: 0px !important;margin-left: 0px !important;border-top-width: 0px !important;border-right-width: 0px !important;border-bottom-width: 0px !important;border-left-width: 0px !important;padding-top: 0px !important;padding-right: 0px !important;padding-bottom: 0px !important;padding-left: 0px !important;}&#8221;][\/vc_column_inner][vc_column_inner width=&#8221;1\/2&#8243;][vc_single_image image=&#8221;11380&#8243; img_size=&#8221;full&#8221; css=&#8221;.vc_custom_1543353203624{margin-top: 0px !important;margin-right: 0px !important;margin-bottom: 0px !important;margin-left: 0px !important;border-top-width: 0px !important;border-right-width: 0px !important;border-bottom-width: 0px !important;border-left-width: 0px !important;padding-top: 0px !important;padding-right: 0px !important;padding-bottom: 0px !important;padding-left: 0px !important;}&#8221;][\/vc_column_inner][\/vc_row_inner][vc_separator css=&#8221;.vc_custom_1621134809565{margin-top: 15px !important;}&#8221;][\/vc_column][\/vc_row][vc_row css=&#8221;.vc_custom_1464578036626{margin-top: 10px !important;margin-bottom: 10px !important;}&#8221;][vc_column][vc_row_inner][vc_column_inner width=&#8221;1\/4&#8243;][vc_custom_heading text=&#8221;LIPOSCULPTURA&#8221; font_container=&#8221;tag:h3|text_align:left&#8221; use_theme_fonts=&#8221;yes&#8221; css=&#8221;.vc_custom_1621134653397{padding-top: 15px !important;}&#8221;][\/vc_column_inner][vc_column_inner width=&#8221;7\/12&#8243;][vc_column_text]<strong>6 meses despu\u00e9s de la operaci\u00f3n.<\/strong><br \/>\n<strong>Estad\u00edsticas de la cirug\u00eda:<\/strong> <em>Liposucci\u00f3n de abdomen, cintura, brazos, espalda media y baja, Transferencia de grasa a Gl\u00fateos: 300cc Caderas: 120cc<\/em>[\/vc_column_text][\/vc_column_inner][vc_column_inner width=&#8221;1\/6&#8243;][vc_custom_heading text=&#8221;PACIENTE 11&#8243; font_container=&#8221;tag:h2|font_size:25px|text_align:right|color:%23e3e3e3|line_height:25px&#8221; google_fonts=&#8221;font_family:Roboto%20Condensed%3A300%2C300italic%2Cregular%2Citalic%2C700%2C700italic|font_style:300%20light%20regular%3A300%3Anormal&#8221; css=&#8221;.vc_custom_1508746689854{padding-top: 15px !important;}&#8221;][\/vc_column_inner][\/vc_row_inner][vc_row_inner css=&#8221;.vc_custom_1621134866172{margin: 0px !important;padding: 0px !important;border: 0px initial !important;}&#8221;][vc_column_inner width=&#8221;1\/2&#8243;][vc_single_image image=&#8221;11321&#8243; img_size=&#8221;full&#8221; css=&#8221;.vc_custom_1508746738610{margin-top: 0px !important;margin-right: 0px !important;margin-bottom: 0px !important;margin-left: 0px !important;border-top-width: 0px !important;border-right-width: 0px !important;border-bottom-width: 0px !important;border-left-width: 0px !important;padding-top: 0px !important;padding-right: 0px !important;padding-bottom: 0px !important;padding-left: 0px !important;}&#8221;][\/vc_column_inner][vc_column_inner width=&#8221;1\/2&#8243;][vc_single_image image=&#8221;11320&#8243; img_size=&#8221;full&#8221; css=&#8221;.vc_custom_1508746757682{margin-top: 0px !important;margin-right: 0px !important;margin-bottom: 0px !important;margin-left: 0px !important;border-top-width: 0px !important;border-right-width: 0px !important;border-bottom-width: 0px !important;border-left-width: 0px !important;padding-top: 0px !important;padding-right: 0px !important;padding-bottom: 0px !important;padding-left: 0px !important;}&#8221;][\/vc_column_inner][\/vc_row_inner][vc_separator css=&#8221;.vc_custom_1621134809565{margin-top: 15px !important;}&#8221;][\/vc_column][\/vc_row][vc_row css=&#8221;.vc_custom_1464578036626{margin-top: 10px !important;margin-bottom: 10px !important;}&#8221;][vc_column][vc_row_inner][vc_column_inner width=&#8221;1\/4&#8243;][vc_custom_heading text=&#8221;LIPOSCULPTURA&#8221; font_container=&#8221;tag:h3|text_align:left&#8221; use_theme_fonts=&#8221;yes&#8221; css=&#8221;.vc_custom_1621134653397{padding-top: 15px !important;}&#8221;][\/vc_column_inner][vc_column_inner width=&#8221;7\/12&#8243;][vc_column_text]<strong>5 meses despu\u00e9s de la operaci\u00f3n.<\/strong><br \/>\n<strong>Estad\u00edsticas de la cirug\u00eda:<\/strong> <em><i>Zonas: abdomen, espalda alta-baja y cintura, Transferencia de grasa a Gl\u00fateos: 1.000cc Caderas: 250cc<\/i><\/em>[\/vc_column_text][\/vc_column_inner][vc_column_inner width=&#8221;1\/6&#8243;][vc_custom_heading text=&#8221;PACIENTE 1&#8243; font_container=&#8221;tag:h2|font_size:25px|text_align:right|color:%23e3e3e3|line_height:25px&#8221; google_fonts=&#8221;font_family:Roboto%20Condensed%3A300%2C300italic%2Cregular%2Citalic%2C700%2C700italic|font_style:300%20light%20regular%3A300%3Anormal&#8221; css=&#8221;.vc_custom_1463152802733{padding-top: 15px !important;}&#8221;][\/vc_column_inner][\/vc_row_inner][vc_row_inner css=&#8221;.vc_custom_1621134866172{margin: 0px !important;padding: 0px !important;border: 0px initial !important;}&#8221;][vc_column_inner width=&#8221;1\/2&#8243;][vc_single_image image=&#8221;11703&#8243; img_size=&#8221;full&#8221; css=&#8221;.vc_custom_1621135227791{margin-top: 0px !important;margin-right: 0px !important;margin-bottom: 0px !important;margin-left: 0px !important;border-top-width: 0px !important;border-right-width: 0px !important;border-bottom-width: 0px !important;border-left-width: 0px !important;padding-top: 0px !important;padding-right: 0px !important;padding-bottom: 0px !important;padding-left: 0px !important;}&#8221;][\/vc_column_inner][vc_column_inner width=&#8221;1\/2&#8243;][vc_single_image image=&#8221;11247&#8243; img_size=&#8221;full&#8221; css=&#8221;.vc_custom_1503200468557{margin-top: 0px !important;margin-right: 0px !important;margin-bottom: 0px !important;margin-left: 0px !important;border-top-width: 0px !important;border-right-width: 0px !important;border-bottom-width: 0px !important;border-left-width: 0px !important;padding-top: 0px !important;padding-right: 0px !important;padding-bottom: 0px !important;padding-left: 0px !important;}&#8221;][\/vc_column_inner][\/vc_row_inner][vc_separator css=&#8221;.vc_custom_1621134809565{margin-top: 15px !important;}&#8221;][\/vc_column][\/vc_row][vc_row css=&#8221;.vc_custom_1464578096562{margin-top: 10px !important;margin-bottom: 10px !important;}&#8221;][vc_column][vc_row_inner][vc_column_inner width=&#8221;1\/4&#8243;][vc_custom_heading text=&#8221;LIPOSCULPTURA&#8221; font_container=&#8221;tag:h3|text_align:left&#8221; use_theme_fonts=&#8221;yes&#8221; css=&#8221;.vc_custom_1621134653397{padding-top: 15px !important;}&#8221;][\/vc_column_inner][vc_column_inner width=&#8221;7\/12&#8243;][vc_column_text]<strong>8 meses despu\u00e9s de la operaci\u00f3n.<\/strong><br \/>\n<strong>Estad\u00edsticas de cirug\u00eda:<\/strong> <i>Zonas: abdomen, parte superior, inferior de la espalda y cintura. Transferencia de grasa a Gl\u00fateos 900cc Caderas: 180cc <\/i>[\/vc_column_text][\/vc_column_inner][vc_column_inner width=&#8221;1\/6&#8243;][vc_custom_heading text=&#8221;PACIENTE 5&#8243; font_container=&#8221;tag:h2|font_size:25px|text_align:right|color:%23e3e3e3|line_height:25px&#8221; google_fonts=&#8221;font_family:Roboto%20Condensed%3A300%2C300italic%2Cregular%2Citalic%2C700%2C700italic|font_style:300%20light%20regular%3A300%3Anormal&#8221; css=&#8221;.vc_custom_1464576251044{padding-top: 15px !important;}&#8221;][\/vc_column_inner][\/vc_row_inner][vc_row_inner css=&#8221;.vc_custom_1621134866172{margin: 0px !important;padding: 0px !important;border: 0px initial !important;}&#8221;][vc_column_inner width=&#8221;1\/2&#8243;][vc_single_image image=&#8221;11255&#8243; img_size=&#8221;full&#8221; css=&#8221;.vc_custom_1503201326689{margin-top: 0px !important;margin-right: 0px !important;margin-bottom: 0px !important;margin-left: 0px !important;border-top-width: 0px !important;border-right-width: 0px !important;border-bottom-width: 0px !important;border-left-width: 0px !important;padding-top: 0px !important;padding-right: 0px !important;padding-bottom: 0px !important;padding-left: 0px !important;}&#8221;][\/vc_column_inner][vc_column_inner width=&#8221;1\/2&#8243;][vc_single_image image=&#8221;11254&#8243; img_size=&#8221;full&#8221; css=&#8221;.vc_custom_1503201341934{margin-top: 0px !important;margin-right: 0px !important;margin-bottom: 0px !important;margin-left: 0px !important;border-top-width: 0px !important;border-right-width: 0px !important;border-bottom-width: 0px !important;border-left-width: 0px !important;padding-top: 0px !important;padding-right: 0px !important;padding-bottom: 0px !important;padding-left: 0px !important;}&#8221;][\/vc_column_inner][\/vc_row_inner][vc_separator css=&#8221;.vc_custom_1621134809565{margin-top: 15px !important;}&#8221;][\/vc_column][\/vc_row][vc_row css=&#8221;.vc_custom_1464578109027{margin-top: 10px !important;margin-bottom: 10px !important;}&#8221;][vc_column][vc_row_inner][vc_column_inner width=&#8221;1\/4&#8243;][vc_custom_heading text=&#8221;LIPOSCULPTURA&#8221; font_container=&#8221;tag:h3|text_align:left&#8221; use_theme_fonts=&#8221;yes&#8221; css=&#8221;.vc_custom_1621134653397{padding-top: 15px !important;}&#8221;][\/vc_column_inner][vc_column_inner width=&#8221;7\/12&#8243;][vc_column_text]<strong>8 meses despu\u00e9s de la operaci\u00f3n.<\/strong><br \/>\n<strong>Estad\u00edsticas de la cirug\u00eda:<\/strong> <i>Zonas: abdomen, espalda alta-baja y cintura, Transferencia de grasa a Gl\u00fateos: 450cc Caderas: 150cc<\/i>[\/vc_column_text][\/vc_column_inner][vc_column_inner width=&#8221;1\/6&#8243;][vc_custom_heading text=&#8221;PACIENTE 6&#8243; font_container=&#8221;tag:h2|font_size:25px|text_align:right|color:%23e3e3e3|line_height:25px&#8221; google_fonts=&#8221;font_family:Roboto%20Condensed%3A300%2C300italic%2Cregular%2Citalic%2C700%2C700italic|font_style:300%20light%20regular%3A300%3Anormal&#8221; css=&#8221;.vc_custom_1464576566151{padding-top: 15px !important;}&#8221;][\/vc_column_inner][\/vc_row_inner][vc_row_inner css=&#8221;.vc_custom_1621134866172{margin: 0px !important;padding: 0px !important;border: 0px initial !important;}&#8221;][vc_column_inner width=&#8221;1\/2&#8243;][vc_single_image image=&#8221;11257&#8243; img_size=&#8221;full&#8221; css=&#8221;.vc_custom_1503201542229{margin-top: 0px !important;margin-right: 0px !important;margin-bottom: 0px !important;margin-left: 0px !important;border-top-width: 0px !important;border-right-width: 0px !important;border-bottom-width: 0px !important;border-left-width: 0px !important;padding-top: 0px !important;padding-right: 0px !important;padding-bottom: 0px !important;padding-left: 0px !important;}&#8221;][\/vc_column_inner][vc_column_inner width=&#8221;1\/2&#8243;][vc_single_image image=&#8221;11256&#8243; img_size=&#8221;full&#8221; css=&#8221;.vc_custom_1503201555291{margin-top: 0px !important;margin-right: 0px !important;margin-bottom: 0px !important;margin-left: 0px !important;border-top-width: 0px !important;border-right-width: 0px !important;border-bottom-width: 0px !important;border-left-width: 0px !important;padding-top: 0px !important;padding-right: 0px !important;padding-bottom: 0px !important;padding-left: 0px !important;}&#8221;][\/vc_column_inner][\/vc_row_inner][vc_separator css=&#8221;.vc_custom_1621134809565{margin-top: 15px !important;}&#8221;][\/vc_column][\/vc_row][vc_row css=&#8221;.vc_custom_1464578122761{margin-top: 10px !important;margin-bottom: 10px !important;}&#8221;][vc_column][vc_row_inner][vc_column_inner width=&#8221;1\/4&#8243;][vc_custom_heading text=&#8221;LIPOSCULPTURA&#8221; font_container=&#8221;tag:h3|text_align:left&#8221; use_theme_fonts=&#8221;yes&#8221; css=&#8221;.vc_custom_1621134653397{padding-top: 15px !important;}&#8221;][\/vc_column_inner][vc_column_inner width=&#8221;7\/12&#8243;][vc_column_text]<strong>8 meses despu\u00e9s de la operaci\u00f3n.<\/strong><br \/>\n<strong>Estad\u00edsticas de la cirug\u00eda:<\/strong> <i>Zonas: abdomen, espalda alta-baja y cintura, Transferencia de grasa a Gl\u00fateos: 450cc Caderas: 150cc<\/i>[\/vc_column_text][\/vc_column_inner][vc_column_inner width=&#8221;1\/6&#8243;][vc_custom_heading text=&#8221;PACIENTE 7&#8243; font_container=&#8221;tag:h2|font_size:25px|text_align:right|color:%23e3e3e3|line_height:25px&#8221; google_fonts=&#8221;font_family:Roboto%20Condensed%3A300%2C300italic%2Cregular%2Citalic%2C700%2C700italic|font_style:300%20light%20regular%3A300%3Anormal&#8221; css=&#8221;.vc_custom_1464577101425{padding-top: 15px !important;}&#8221;][\/vc_column_inner][\/vc_row_inner][vc_row_inner css=&#8221;.vc_custom_1621134866172{margin: 0px !important;padding: 0px !important;border: 0px initial !important;}&#8221;][vc_column_inner width=&#8221;1\/2&#8243;][vc_single_image image=&#8221;11258&#8243; img_size=&#8221;full&#8221; css=&#8221;.vc_custom_1503201804234{margin-top: 0px !important;margin-right: 0px !important;margin-bottom: 0px !important;margin-left: 0px !important;border-top-width: 0px !important;border-right-width: 0px !important;border-bottom-width: 0px !important;border-left-width: 0px !important;padding-top: 0px !important;padding-right: 0px !important;padding-bottom: 0px !important;padding-left: 0px !important;}&#8221;][\/vc_column_inner][vc_column_inner width=&#8221;1\/2&#8243;][vc_single_image image=&#8221;11259&#8243; img_size=&#8221;full&#8221; css=&#8221;.vc_custom_1503201844146{margin-top: 0px !important;margin-right: 0px !important;margin-bottom: 0px !important;margin-left: 0px !important;border-top-width: 0px !important;border-right-width: 0px !important;border-bottom-width: 0px !important;border-left-width: 0px !important;padding-top: 0px !important;padding-right: 0px !important;padding-bottom: 0px !important;padding-left: 0px !important;}&#8221;][\/vc_column_inner][\/vc_row_inner][vc_separator css=&#8221;.vc_custom_1621134809565{margin-top: 15px !important;}&#8221;][\/vc_column][\/vc_row]<\/p>\n<\/div>","protected":false},"excerpt":{"rendered":"<p>[vc_row][vc_column][vc_empty_space][vc_text_separator title=&#8221;LIPOSCULPTURA&#8221;][\/vc_column][\/vc_row][vc_row css=&#8221;.vc_custom_1464578036626{margin-top: 10px !important;margin-bottom: 10px !important;}&#8221;][vc_column][vc_row_inner][vc_column_inner width=&#8221;1\/4&#8243;][vc_custom_heading text=&#8221;LIPOSCULPTURA&#8221; font_container=&#8221;tag:h3|text_align:left&#8221; use_theme_fonts=&#8221;yes&#8221; css=&#8221;.vc_custom_1621134653397{padding-top: 15px !important;}&#8221;][\/vc_column_inner][vc_column_inner width=&#8221;7\/12&#8243;][vc_column_text]6 meses despu\u00e9s de la operaci\u00f3n. Estad\u00edsticas de la cirug\u00eda: Liposucci\u00f3n de abdomen, cintura, espalda alta y baja, Transferencia de grasa a Gl\u00fateos: 600cc Caderas: 250cc[\/vc_column_text][\/vc_column_inner][vc_column_inner width=&#8221;1\/6&#8243;][vc_custom_heading text=&#8221;PACIENTE 8&#8243; font_container=&#8221;tag:h2|font_size:25px|text_align:right|color:%23e3e3e3|line_height:25px&#8221; google_fonts=&#8221;font_family:Roboto%20Condensed%3A300%2C300italic%2Cregular%2Citalic%2C700%2C700italic|font_style:300%20light%20regular%3A300%3Anormal&#8221; css=&#8221;.vc_custom_1557266212666{padding-top: 15px !important;}&#8221;][\/vc_column_inner][\/vc_row_inner][vc_row_inner css=&#8221;.vc_custom_1621134866172{margin: 0px !important;padding: 0px !important;border: 0px initial [&hellip;]<\/p>\n","protected":false},"author":1,"featured_media":11685,"parent":12103,"menu_order":0,"comment_status":"closed","ping_status":"closed","template":"","meta":{"_acf_changed":false,"inline_featured_image":false,"footnotes":""},"class_list":["post-12102","page","type-page","status-publish","has-post-thumbnail","hentry"],"acf":[],"aioseo_notices":[],"jetpack_sharing_enabled":true,"_links":{"self":[{"href":"https:\/\/beauty-enhance.com\/es\/wp-json\/wp\/v2\/pages\/12102","targetHints":{"allow":["GET"]}}],"collection":[{"href":"https:\/\/beauty-enhance.com\/es\/wp-json\/wp\/v2\/pages"}],"about":[{"href":"https:\/\/beauty-enhance.com\/es\/wp-json\/wp\/v2\/types\/page"}],"author":[{"embeddable":true,"href":"https:\/\/beauty-enhance.com\/es\/wp-json\/wp\/v2\/users\/1"}],"replies":[{"embeddable":true,"href":"https:\/\/beauty-enhance.com\/es\/wp-json\/wp\/v2\/comments?post=12102"}],"version-history":[{"count":17,"href":"https:\/\/beauty-enhance.com\/es\/wp-json\/wp\/v2\/pages\/12102\/revisions"}],"predecessor-version":[{"id":12665,"href":"https:\/\/beauty-enhance.com\/es\/wp-json\/wp\/v2\/pages\/12102\/revisions\/12665"}],"up":[{"embeddable":true,"href":"https:\/\/beauty-enhance.com\/es\/wp-json\/wp\/v2\/pages\/12103"}],"wp:featuredmedia":[{"embeddable":true,"href":"https:\/\/beauty-enhance.com\/es\/wp-json\/wp\/v2\/media\/11685"}],"wp:attachment":[{"href":"https:\/\/beauty-enhance.com\/es\/wp-json\/wp\/v2\/media?parent=12102"}],"curies":[{"name":"wp","href":"https:\/\/api.w.org\/{rel}","templated":true}]}}