{"id":12110,"date":"2015-11-06T22:12:24","date_gmt":"2015-11-07T06:12:24","guid":{"rendered":"https:\/\/beauty-enhance.com\/antes-y-despues\/procedimiento-mamario\/"},"modified":"2024-12-18T15:53:27","modified_gmt":"2024-12-18T23:53:27","slug":"procedimiento-mamario","status":"publish","type":"page","link":"https:\/\/beauty-enhance.com\/es\/galeria\/procedimiento-mamario\/","title":{"rendered":"Procedimiento mamario"},"content":{"rendered":"<div class=\"wpb-content-wrapper\"><p>[vc_row][vc_column][vc_empty_space][vc_text_separator title=&#8221;PROCEDIMIENTO MAMARIO&#8221;][\/vc_column][\/vc_row][vc_row][vc_column][vc_row_inner css=&#8221;.vc_custom_1463153048098{margin-top: 15px !important;margin-bottom: 15px !important;}&#8221;][vc_column_inner width=&#8221;1\/3&#8243;][vc_custom_heading text=&#8221;AUMENTO DE PECHO&#8221; font_container=&#8221;tag:h3|text_align:left&#8221; use_theme_fonts=&#8221;yes&#8221;][\/vc_column_inner][vc_column_inner width=&#8221;1\/2&#8243;][vc_column_text]<strong>12 meses despu\u00e9s de la cirug\u00eda.<\/strong><br \/>\n<strong>Estad\u00edsticas de la cirug\u00eda:<\/strong> <i>Implantes de silicona Ultra High Profile Mentor 400cc<\/i>[\/vc_column_text][\/vc_column_inner][vc_column_inner width=&#8221;1\/6&#8243;][vc_custom_heading text=&#8221;PACIENTE 1&#8243; font_container=&#8221;tag:h2|font_size:25px|text_align:right|color:%23e3e3e3|line_height:25px&#8221; google_fonts=&#8221;font_family:Roboto%20Condensed%3A300%2C300italic%2Cregular%2Citalic%2C700%2C700italic|font_style:300%20light%20regular%3A300%3Anormal&#8221; css=&#8221;.vc_custom_1540505410606{padding-top: 15px !important;}&#8221;][\/vc_column_inner][\/vc_row_inner][vc_row_inner][vc_column_inner width=&#8221;1\/2&#8243; css=&#8221;.vc_custom_1621126263216{margin: 0px !important;padding: 0px !important;border: 0px initial !important;}&#8221;][vc_single_image image=&#8221;11360&#8243; img_size=&#8221;full&#8221; css=&#8221;.vc_custom_1540505365713{margin-top: 0px !important;margin-right: 0px !important;margin-bottom: 0px !important;margin-left: 0px !important;border-top-width: 0px !important;border-right-width: 0px !important;border-bottom-width: 0px !important;border-left-width: 0px !important;padding-top: 0px !important;padding-right: 0px !important;padding-bottom: 0px !important;padding-left: 0px !important;}&#8221;][\/vc_column_inner][vc_column_inner width=&#8221;1\/2&#8243; css=&#8221;.vc_custom_1621126271912{margin: 0px !important;padding: 0px !important;border: 0px initial !important;}&#8221;][vc_single_image image=&#8221;11369&#8243; img_size=&#8221;full&#8221; css=&#8221;.vc_custom_1540505387799{margin-top: 0px !important;margin-right: 0px !important;margin-bottom: 0px !important;margin-left: 0px !important;border-top-width: 0px !important;border-right-width: 0px !important;border-bottom-width: 0px !important;border-left-width: 0px !important;padding-top: 0px !important;padding-right: 0px !important;padding-bottom: 0px !important;padding-left: 0px !important;}&#8221;][\/vc_column_inner][\/vc_row_inner][vc_separator css=&#8221;.vc_custom_1621126341514{margin-top: 35px !important;margin-bottom: 35px !important;}&#8221;][\/vc_column][\/vc_row][vc_row][vc_column][vc_row_inner][vc_column_inner width=&#8221;1\/3&#8243;][vc_custom_heading text=&#8221;AUMENTO DE PECHO&#8221; font_container=&#8221;tag:h3|text_align:left&#8221; use_theme_fonts=&#8221;yes&#8221;][\/vc_column_inner][vc_column_inner width=&#8221;1\/2&#8243;][vc_column_text]<strong>8 meses despu\u00e9s de la operaci\u00f3n.<\/strong><br \/>\n<strong>Estad\u00edsticas de la cirug\u00eda:<\/strong> <em>Implantes de silicona Ultra High Profile Mentor 300cc<\/em>[\/vc_column_text][\/vc_column_inner][vc_column_inner width=&#8221;1\/6&#8243;][vc_custom_heading text=&#8221;PACIENTE 2&#8243; font_container=&#8221;tag:h2|font_size:25px|text_align:right|color:%23e3e3e3|line_height:25px&#8221; google_fonts=&#8221;font_family:Roboto%20Condensed%3A300%2C300italic%2Cregular%2Citalic%2C700%2C700italic|font_style:300%20light%20regular%3A300%3Anormal&#8221; css=&#8221;.vc_custom_1540505239515{padding-top: 15px !important;}&#8221;][\/vc_column_inner][\/vc_row_inner][vc_row_inner][vc_column_inner width=&#8221;1\/2&#8243; css=&#8221;.vc_custom_1621126263216{margin: 0px !important;padding: 0px !important;border: 0px initial !important;}&#8221;][vc_single_image image=&#8221;11362&#8243; img_size=&#8221;full&#8221; css=&#8221;.vc_custom_1540505299051{margin-top: 0px !important;margin-right: 0px !important;margin-bottom: 0px !important;margin-left: 0px !important;border-top-width: 0px !important;border-right-width: 0px !important;border-bottom-width: 0px !important;border-left-width: 0px !important;padding-top: 0px !important;padding-right: 0px !important;padding-bottom: 0px !important;padding-left: 0px !important;}&#8221;][\/vc_column_inner][vc_column_inner width=&#8221;1\/2&#8243; css=&#8221;.vc_custom_1621126271912{margin: 0px !important;padding: 0px !important;border: 0px initial !important;}&#8221;][vc_single_image image=&#8221;11361&#8243; img_size=&#8221;full&#8221; css=&#8221;.vc_custom_1540505317182{margin-top: 0px !important;margin-right: 0px !important;margin-bottom: 0px !important;margin-left: 0px !important;border-top-width: 0px !important;border-right-width: 0px !important;border-bottom-width: 0px !important;border-left-width: 0px !important;padding-top: 0px !important;padding-right: 0px !important;padding-bottom: 0px !important;padding-left: 0px !important;}&#8221;][\/vc_column_inner][\/vc_row_inner][vc_separator css=&#8221;.vc_custom_1621126341514{margin-top: 35px !important;margin-bottom: 35px !important;}&#8221;][\/vc_column][\/vc_row][vc_row][vc_column][vc_row_inner][vc_column_inner width=&#8221;1\/3&#8243;][vc_custom_heading text=&#8221;AUMENTO DE PECHO&#8221; font_container=&#8221;tag:h3|text_align:left&#8221; use_theme_fonts=&#8221;yes&#8221;][\/vc_column_inner][vc_column_inner width=&#8221;1\/2&#8243;][vc_column_text]<strong>7 meses despu\u00e9s de la operaci\u00f3n.<\/strong><br \/>\n<strong>Estad\u00edsticas de la cirug\u00eda:<\/strong> <em>Implantes de silicona High Profile Mentor 350cc<\/em>[\/vc_column_text][\/vc_column_inner][vc_column_inner width=&#8221;1\/6&#8243;][vc_custom_heading text=&#8221;PACIENTE 3&#8243; font_container=&#8221;tag:h2|font_size:25px|text_align:right|color:%23e3e3e3|line_height:25px&#8221; google_fonts=&#8221;font_family:Roboto%20Condensed%3A300%2C300italic%2Cregular%2Citalic%2C700%2C700italic|font_style:300%20light%20regular%3A300%3Anormal&#8221; css=&#8221;.vc_custom_1540507645614{padding-top: 15px !important;}&#8221;][\/vc_column_inner][\/vc_row_inner][vc_row_inner][vc_column_inner width=&#8221;1\/2&#8243; css=&#8221;.vc_custom_1621126263216{margin: 0px !important;padding: 0px !important;border: 0px initial !important;}&#8221;][vc_single_image image=&#8221;11697&#8243; img_size=&#8221;full&#8221; css=&#8221;.vc_custom_1621126994667{margin-top: 0px !important;margin-right: 0px !important;margin-bottom: 0px !important;margin-left: 0px !important;border-top-width: 0px !important;border-right-width: 0px !important;border-bottom-width: 0px !important;border-left-width: 0px !important;padding-top: 0px !important;padding-right: 0px !important;padding-bottom: 0px !important;padding-left: 0px !important;}&#8221;][\/vc_column_inner][vc_column_inner width=&#8221;1\/2&#8243; css=&#8221;.vc_custom_1621126271912{margin: 0px !important;padding: 0px !important;border: 0px initial !important;}&#8221;][vc_single_image image=&#8221;11370&#8243; img_size=&#8221;full&#8221; css=&#8221;.vc_custom_1540507707578{margin-top: 0px !important;margin-right: 0px !important;margin-bottom: 0px !important;margin-left: 0px !important;border-top-width: 0px !important;border-right-width: 0px !important;border-bottom-width: 0px !important;border-left-width: 0px !important;padding-top: 0px !important;padding-right: 0px !important;padding-bottom: 0px !important;padding-left: 0px !important;}&#8221;][\/vc_column_inner][\/vc_row_inner][vc_separator css=&#8221;.vc_custom_1621126341514{margin-top: 35px !important;margin-bottom: 35px !important;}&#8221;][\/vc_column][\/vc_row][vc_row][vc_column][vc_row_inner][vc_column_inner width=&#8221;1\/3&#8243;][vc_custom_heading text=&#8221;AUMENTO DE PECHO&#8221; font_container=&#8221;tag:h3|text_align:left&#8221; use_theme_fonts=&#8221;yes&#8221;][\/vc_column_inner][vc_column_inner width=&#8221;1\/2&#8243;][vc_column_text]<strong>5 meses despu\u00e9s de la operaci\u00f3n.<\/strong><br \/>\n<strong>Estad\u00edsticas de la cirug\u00eda:<\/strong> <em>Implantes de silicona Ultra High Profile Mentor 400cc<\/em>[\/vc_column_text][\/vc_column_inner][vc_column_inner width=&#8221;1\/6&#8243;][vc_custom_heading text=&#8221;PACIENTE 4&#8243; font_container=&#8221;tag:h2|font_size:25px|text_align:right|color:%23e3e3e3|line_height:25px&#8221; google_fonts=&#8221;font_family:Roboto%20Condensed%3A300%2C300italic%2Cregular%2Citalic%2C700%2C700italic|font_style:300%20light%20regular%3A300%3Anormal&#8221; css=&#8221;.vc_custom_1540507727050{padding-top: 15px !important;}&#8221;][\/vc_column_inner][\/vc_row_inner][vc_row_inner][vc_column_inner width=&#8221;1\/2&#8243; css=&#8221;.vc_custom_1621126263216{margin: 0px !important;padding: 0px !important;border: 0px initial !important;}&#8221;][vc_single_image image=&#8221;11364&#8243; img_size=&#8221;full&#8221; css=&#8221;.vc_custom_1540505494432{margin-top: 0px !important;margin-right: 0px !important;margin-bottom: 0px !important;margin-left: 0px !important;border-top-width: 0px !important;border-right-width: 0px !important;border-bottom-width: 0px !important;border-left-width: 0px !important;padding-top: 0px !important;padding-right: 0px !important;padding-bottom: 0px !important;padding-left: 0px !important;}&#8221;][\/vc_column_inner][vc_column_inner width=&#8221;1\/2&#8243; css=&#8221;.vc_custom_1621126271912{margin: 0px !important;padding: 0px !important;border: 0px initial !important;}&#8221;][vc_single_image image=&#8221;11363&#8243; img_size=&#8221;full&#8221; css=&#8221;.vc_custom_1540505515202{margin-top: 0px !important;margin-right: 0px !important;margin-bottom: 0px !important;margin-left: 0px !important;border-top-width: 0px !important;border-right-width: 0px !important;border-bottom-width: 0px !important;border-left-width: 0px !important;padding-top: 0px !important;padding-right: 0px !important;padding-bottom: 0px !important;padding-left: 0px !important;}&#8221;][\/vc_column_inner][\/vc_row_inner][vc_separator css=&#8221;.vc_custom_1621126341514{margin-top: 35px !important;margin-bottom: 35px !important;}&#8221;][\/vc_column][\/vc_row][vc_row][vc_column][vc_row_inner css=&#8221;.vc_custom_1463153048098{margin-top: 15px !important;margin-bottom: 15px !important;}&#8221;][vc_column_inner width=&#8221;1\/3&#8243;][vc_custom_heading text=&#8221;AUMENTO DE PECHO&#8221; font_container=&#8221;tag:h3|text_align:left&#8221; use_theme_fonts=&#8221;yes&#8221;][\/vc_column_inner][vc_column_inner width=&#8221;1\/2&#8243;][vc_column_text]<strong>2 meses despu\u00e9s de la operaci\u00f3n.<\/strong><br \/>\n<strong>Estad\u00edsticas de la cirug\u00eda:<\/strong> <i>Implantes de silicona Mentor, 250cc y 300cc para aumentar la simetr\u00eda<\/i>[\/vc_column_text][\/vc_column_inner][vc_column_inner width=&#8221;1\/6&#8243;][vc_custom_heading text=&#8221;PACIENTE 5&#8243; font_container=&#8221;tag:h2|font_size:25px|text_align:right|color:%23e3e3e3|line_height:25px&#8221; google_fonts=&#8221;font_family:Roboto%20Condensed%3A300%2C300italic%2Cregular%2Citalic%2C700%2C700italic|font_style:300%20light%20regular%3A300%3Anormal&#8221; css=&#8221;.vc_custom_1540507737181{padding-top: 15px !important;}&#8221;][\/vc_column_inner][\/vc_row_inner][vc_row_inner][vc_column_inner width=&#8221;1\/2&#8243; css=&#8221;.vc_custom_1621126263216{margin: 0px !important;padding: 0px !important;border: 0px initial !important;}&#8221;][vc_single_image image=&#8221;11366&#8243; img_size=&#8221;full&#8221; css=&#8221;.vc_custom_1540505588251{margin-top: 0px !important;margin-right: 0px !important;margin-bottom: 0px !important;margin-left: 0px !important;border-top-width: 0px !important;border-right-width: 0px !important;border-bottom-width: 0px !important;border-left-width: 0px !important;padding-top: 0px !important;padding-right: 0px !important;padding-bottom: 0px !important;padding-left: 0px !important;}&#8221;][\/vc_column_inner][vc_column_inner width=&#8221;1\/2&#8243; css=&#8221;.vc_custom_1621126271912{margin: 0px !important;padding: 0px !important;border: 0px initial !important;}&#8221;][vc_single_image image=&#8221;11365&#8243; img_size=&#8221;full&#8221; css=&#8221;.vc_custom_1540505605133{margin-top: 0px !important;margin-right: 0px !important;margin-bottom: 0px !important;margin-left: 0px !important;border-top-width: 0px !important;border-right-width: 0px !important;border-bottom-width: 0px !important;border-left-width: 0px !important;padding-top: 0px !important;padding-right: 0px !important;padding-bottom: 0px !important;padding-left: 0px !important;}&#8221;][\/vc_column_inner][\/vc_row_inner][vc_separator css=&#8221;.vc_custom_1621126341514{margin-top: 35px !important;margin-bottom: 35px !important;}&#8221;][\/vc_column][\/vc_row][vc_row][vc_column][vc_row_inner css=&#8221;.vc_custom_1463153048098{margin-top: 15px !important;margin-bottom: 15px !important;}&#8221;][vc_column_inner width=&#8221;1\/3&#8243;][vc_custom_heading text=&#8221;AUMENTO DE PECHO&#8221; font_container=&#8221;tag:h3|text_align:left&#8221; use_theme_fonts=&#8221;yes&#8221;][\/vc_column_inner][vc_column_inner width=&#8221;1\/2&#8243;][vc_column_text]<strong>3 meses despu\u00e9s de la operaci\u00f3n.<\/strong><br \/>\n<strong>Estad\u00edsticas de la cirug\u00eda:<\/strong> <i>Implantes de silicona High Profile Mentor 400cc<\/i>[\/vc_column_text][\/vc_column_inner][vc_column_inner width=&#8221;1\/6&#8243;][vc_custom_heading text=&#8221;PACIENTE 6&#8243; font_container=&#8221;tag:h2|font_size:25px|text_align:right|color:%23e3e3e3|line_height:25px&#8221; google_fonts=&#8221;font_family:Roboto%20Condensed%3A300%2C300italic%2Cregular%2Citalic%2C700%2C700italic|font_style:300%20light%20regular%3A300%3Anormal&#8221; css=&#8221;.vc_custom_1540507747615{padding-top: 15px !important;}&#8221;][\/vc_column_inner][\/vc_row_inner][vc_row_inner][vc_column_inner width=&#8221;1\/2&#8243; css=&#8221;.vc_custom_1621126263216{margin: 0px !important;padding: 0px !important;border: 0px initial !important;}&#8221;][vc_single_image image=&#8221;11368&#8243; img_size=&#8221;full&#8221; css=&#8221;.vc_custom_1540505537791{margin-top: 0px !important;margin-right: 0px !important;margin-bottom: 0px !important;margin-left: 0px !important;border-top-width: 0px !important;border-right-width: 0px !important;border-bottom-width: 0px !important;border-left-width: 0px !important;padding-top: 0px !important;padding-right: 0px !important;padding-bottom: 0px !important;padding-left: 0px !important;}&#8221;][\/vc_column_inner][vc_column_inner width=&#8221;1\/2&#8243; css=&#8221;.vc_custom_1621126271912{margin: 0px !important;padding: 0px !important;border: 0px initial !important;}&#8221;][vc_single_image image=&#8221;11367&#8243; img_size=&#8221;full&#8221; css=&#8221;.vc_custom_1540505558560{margin-top: 0px !important;margin-right: 0px !important;margin-bottom: 0px !important;margin-left: 0px !important;border-top-width: 0px !important;border-right-width: 0px !important;border-bottom-width: 0px !important;border-left-width: 0px !important;padding-top: 0px !important;padding-right: 0px !important;padding-bottom: 0px !important;padding-left: 0px !important;}&#8221;][\/vc_column_inner][\/vc_row_inner][vc_separator css=&#8221;.vc_custom_1621126341514{margin-top: 35px !important;margin-bottom: 35px !important;}&#8221;][\/vc_column][\/vc_row]<\/p>\n<\/div>","protected":false},"excerpt":{"rendered":"<p>[vc_row][vc_column][vc_empty_space][vc_text_separator title=&#8221;PROCEDIMIENTO MAMARIO&#8221;][\/vc_column][\/vc_row][vc_row][vc_column][vc_row_inner css=&#8221;.vc_custom_1463153048098{margin-top: 15px !important;margin-bottom: 15px !important;}&#8221;][vc_column_inner width=&#8221;1\/3&#8243;][vc_custom_heading text=&#8221;AUMENTO DE PECHO&#8221; font_container=&#8221;tag:h3|text_align:left&#8221; use_theme_fonts=&#8221;yes&#8221;][\/vc_column_inner][vc_column_inner width=&#8221;1\/2&#8243;][vc_column_text]12 meses despu\u00e9s de la cirug\u00eda. Estad\u00edsticas de la cirug\u00eda: Implantes de silicona Ultra High Profile Mentor 400cc[\/vc_column_text][\/vc_column_inner][vc_column_inner width=&#8221;1\/6&#8243;][vc_custom_heading text=&#8221;PACIENTE 1&#8243; font_container=&#8221;tag:h2|font_size:25px|text_align:right|color:%23e3e3e3|line_height:25px&#8221; google_fonts=&#8221;font_family:Roboto%20Condensed%3A300%2C300italic%2Cregular%2Citalic%2C700%2C700italic|font_style:300%20light%20regular%3A300%3Anormal&#8221; css=&#8221;.vc_custom_1540505410606{padding-top: 15px !important;}&#8221;][\/vc_column_inner][\/vc_row_inner][vc_row_inner][vc_column_inner width=&#8221;1\/2&#8243; css=&#8221;.vc_custom_1621126263216{margin: 0px !important;padding: 0px !important;border: 0px initial !important;}&#8221;][vc_single_image image=&#8221;11360&#8243; img_size=&#8221;full&#8221; css=&#8221;.vc_custom_1540505365713{margin-top: 0px !important;margin-right: 0px [&hellip;]<\/p>\n","protected":false},"author":1,"featured_media":11685,"parent":12103,"menu_order":0,"comment_status":"closed","ping_status":"closed","template":"","meta":{"_acf_changed":false,"inline_featured_image":false,"footnotes":""},"class_list":["post-12110","page","type-page","status-publish","has-post-thumbnail","hentry"],"acf":[],"aioseo_notices":[],"jetpack_sharing_enabled":true,"_links":{"self":[{"href":"https:\/\/beauty-enhance.com\/es\/wp-json\/wp\/v2\/pages\/12110","targetHints":{"allow":["GET"]}}],"collection":[{"href":"https:\/\/beauty-enhance.com\/es\/wp-json\/wp\/v2\/pages"}],"about":[{"href":"https:\/\/beauty-enhance.com\/es\/wp-json\/wp\/v2\/types\/page"}],"author":[{"embeddable":true,"href":"https:\/\/beauty-enhance.com\/es\/wp-json\/wp\/v2\/users\/1"}],"replies":[{"embeddable":true,"href":"https:\/\/beauty-enhance.com\/es\/wp-json\/wp\/v2\/comments?post=12110"}],"version-history":[{"count":7,"href":"https:\/\/beauty-enhance.com\/es\/wp-json\/wp\/v2\/pages\/12110\/revisions"}],"predecessor-version":[{"id":12659,"href":"https:\/\/beauty-enhance.com\/es\/wp-json\/wp\/v2\/pages\/12110\/revisions\/12659"}],"up":[{"embeddable":true,"href":"https:\/\/beauty-enhance.com\/es\/wp-json\/wp\/v2\/pages\/12103"}],"wp:featuredmedia":[{"embeddable":true,"href":"https:\/\/beauty-enhance.com\/es\/wp-json\/wp\/v2\/media\/11685"}],"wp:attachment":[{"href":"https:\/\/beauty-enhance.com\/es\/wp-json\/wp\/v2\/media?parent=12110"}],"curies":[{"name":"wp","href":"https:\/\/api.w.org\/{rel}","templated":true}]}}