{"id":12142,"date":"2015-11-07T20:07:23","date_gmt":"2015-11-08T04:07:23","guid":{"rendered":"https:\/\/beauty-enhance.com\/procedimientos\/procedimiento-facial\/lifting-facial-y-de-cuello\/"},"modified":"2024-12-26T01:42:47","modified_gmt":"2024-12-26T09:42:47","slug":"lifting-facial-y-de-cuello","status":"publish","type":"page","link":"https:\/\/beauty-enhance.com\/es\/procedimientos\/procedimiento-facial\/lifting-facial-y-de-cuello\/","title":{"rendered":"Lifting facial y de cuello"},"content":{"rendered":"<div class=\"wpb-content-wrapper\"><p>[vc_row][vc_column width=&#8221;3\/4&#8243;][vc_empty_space][vc_column_text css=&#8221;&#8221;]<span style=\"color: #59365b;\"><img data-recalc-dims=\"1\" loading=\"lazy\" decoding=\"async\" class=\"alignleft wp-image-4737 size-full\" src=\"https:\/\/i0.wp.com\/beauty-enhance.com\/wp-content\/uploads\/2017\/05\/facial-surgery_neck-lift.jpg?resize=362%2C417&#038;ssl=1\" alt=\"Lifting facial y de cuello\" width=\"362\" height=\"417\" srcset=\"https:\/\/i0.wp.com\/beauty-enhance.com\/wp-content\/uploads\/2017\/05\/facial-surgery_neck-lift.jpg?w=362&amp;ssl=1 362w, https:\/\/i0.wp.com\/beauty-enhance.com\/wp-content\/uploads\/2017\/05\/facial-surgery_neck-lift.jpg?resize=260%2C300&amp;ssl=1 260w\" sizes=\"auto, (max-width: 362px) 100vw, 362px\" \/><\/span><\/p>\n<p><span style=\"font-weight: 400;\">Como todos sabemos en la actual cultura obsesionada por la juventud, tener un aspecto joven y vibrante no es s\u00f3lo cuesti\u00f3n de vanidad, sino de sentirse bien con uno mismo, lo que se traduce en una persona m\u00e1s joven, segura y bella.<\/span><\/p>\n<p><span style=\"font-weight: 400;\">Los primeros signos de envejecimiento se reflejan en el <\/span><b>cara y el cuello<\/b><span style=\"font-weight: 400;\">. Fortunately you can turn back time by having a <strong>L<\/strong> <\/span><strong>ower Cara <\/strong><span style=\"font-weight: 400;\"><strong>y Lifting de Cuello<\/strong> que levantar\u00e1 el tejido fl\u00e1cido, eliminar\u00e1 el exceso de piel y grasa, tensar\u00e1 los m\u00fasculos faciales subyacentes y recolocar\u00e1 la piel de la parte inferior de la cara y el cuello. Este procedimiento puede realizarse en combinaci\u00f3n con <a>cirug\u00eda de p\u00e1rpados<\/a>, si se desea. Devuelve un aspecto terso y m\u00e1s juvenil. <\/span><\/p>\n<p><span style=\"font-weight: 400;\">Nuestra <\/span><a href=\"\/es\/?page_id=12080\"><b>anestesi\u00f3logo certificado, el Dr. Leyva<\/b><\/a><span style=\"font-weight: 400;\"> utiliza anestesia local combinada con un sedante como procedimiento est\u00e1ndar para la mayor\u00eda de los pacientes de lifting facial. <\/span><\/p>\n<p>Las incisiones se planifican y se colocan en zonas que, tras la cicatrizaci\u00f3n, pasar\u00e1n desapercibidas, lo que dar\u00e1 como resultado un aspecto mucho m\u00e1s joven, fresco y radiante.<\/p>\n<p><a href=\"\/es\/?page_id=12072\">La <b>Dra. Carmina<\/b><\/a><span style=\"font-weight: 400;\"> utiliza la tecnolog\u00eda m\u00e1s avanzada y adapta el procedimiento a las necesidades especiales de cada paciente, combinando su capacidad art\u00edstica con una meticulosa atenci\u00f3n a cada detalle. Es de suma importancia que recibas cuidados profesionales de enfermer\u00eda durante los cinco primeros d\u00edas tras la intervenci\u00f3n. Nuestro <\/span><a href=\"https:\/\/beauty-enhance.com\/es\/testimonios\/\"><b>Casa de Recuperaci\u00f3n<\/b><\/a><span style=\"font-weight: 400;\">\u00a0dispone de cuidados de enfermer\u00eda 24 horas en un entorno seguro y atento. El lugar perfecto para iniciar tu proceso de curaci\u00f3n. <\/span><\/p>\n<p><span style=\"font-weight: 400;\">Con unos cuidados de recuperaci\u00f3n excelentes, en pocas semanas tendr\u00e1s el aspecto natural de una versi\u00f3n m\u00e1s joven de ti misma. La curaci\u00f3n completa continuar\u00e1 bajo la superficie durante unos meses. <\/span><\/p>\n<p style=\"text-align: justify;\"><span style=\"font-weight: 400;\">Puedes sentirte seguro con la <\/span><b>Dra. Carmina<\/b> t<span style=\"font-weight: 400;\">us resultados quir\u00fargicos <\/span><b>borrar\u00e1n a\u00f1os de envejecimiento facial, devolviendo una belleza natural y m\u00e1s juvenil<\/b><span style=\"font-weight: 400;\">.<\/span><\/p>\n<p>[\/vc_column_text][\/vc_column][vc_column width=&#8221;1\/4&#8243; css=&#8221;.vc_custom_1632431914049{padding-top: 30px !important;padding-right: 20px !important;padding-left: 20px !important;background-color: #f9f9f7 !important;}&#8221;][vc_widget_sidebar sidebar_id=&#8221;sidebar&#8221;][\/vc_column][\/vc_row][vc_row][vc_column][vc_empty_space height=&#8221;50px&#8221;][vc_custom_heading text=&#8221;\u00bfCu\u00e1ndo y c\u00f3mo empezar?&#8221; font_container=&#8221;tag:h2|font_size:30px|text_align:center|line_height:30px&#8221; use_theme_fonts=&#8221;yes&#8221;][vc_single_image image=&#8221;11722&#8243; img_size=&#8221;full&#8221; alignment=&#8221;center&#8221;][vc_custom_heading text=&#8221;1. IMC&#8221; font_container=&#8221;tag:h2|font_size:20px|text_align:left|line_height:20px&#8221; google_fonts=&#8221;font_family:Lato%3A100%2C100italic%2C300%2C300italic%2Cregular%2Citalic%2C700%2C700italic%2C900%2C900italic|font_style:900%20bold%20regular%3A900%3Anormal&#8221;][vc_separator][vc_column_text]<strong>La Dra. Carmina C\u00e1rdenas exige<\/strong> un IMC (\u00edndice de masa corporal) de 30 o inferior para ser candidata segura a cualquier intervenci\u00f3n de cirug\u00eda pl\u00e1stica, a los pacientes postbari\u00e1tricos se les exige que hayan pasado 1 YPO de la cirug\u00eda bari\u00e1trica y que tengan al menos 3 meses consecutivos de peso estable para ser elegibles.<\/p>\n<p><strong>Los pacientes suelen ser candidatos a:<\/strong><\/p>\n<ol>\n<li>Lifting facial<\/li>\n<li>Lifting de cuello (medio y completo)<\/li>\n<li>Blefaroplastia<\/li>\n<\/ol>\n<p>[\/vc_column_text][\/vc_column][\/vc_row][vc_row][vc_column][vc_custom_heading text=&#8221;2. \u00c1REAS PERSONALES DE PREOCUPACI\u00d3N&#8221; font_container=&#8221;tag:h2|font_size:20px|text_align:left|line_height:20px&#8221; google_fonts=&#8221;font_family:Lato%3A100%2C100italic%2C300%2C300italic%2Cregular%2Citalic%2C700%2C700italic%2C900%2C900italic|font_style:900%20bold%20regular%3A900%3Anormal&#8221;][vc_separator][vc_row_inner][vc_column_inner width=&#8221;1\/3&#8243;][vc_single_image image=&#8221;11768&#8243; img_size=&#8221;full&#8221;][vc_text_separator title=&#8221;Lifting facial&#8221;][vc_column_text]<\/p>\n<p style=\"text-align: center;\">Combina distintas t\u00e9cnicas de contorno corporal en un solo tiempo quir\u00fargico para tratar <b>los flancos, el abdomen (con reparaci\u00f3n muscular), las nalgas, la parte externa de los muslos y el pubis; <\/b>suele combinarse con liposucci\u00f3n para contornear la silueta, aunque la liposucci\u00f3n ser\u00e1 m\u00ednima para evitar la p\u00e9rdida de sangre.<\/p>\n<h6 style=\"text-align: center;\">TIEMPO QUIR\u00daRGICO: 6 HORAS<br \/>\nESTANCIA DE RECUPERACI\u00d3N: 7 NOCHES<br \/>\nTIEMPO DE RECUPERACI\u00d3N: 6 SEMANAS<\/h6>\n<p>[\/vc_column_text][\/vc_column_inner][vc_column_inner width=&#8221;1\/3&#8243;][vc_single_image image=&#8221;11769&#8243; img_size=&#8221;full&#8221;][vc_text_separator title=&#8221;Blefaroplastia&#8221;][vc_column_text]<\/p>\n<p style=\"text-align: center;\">Combina distintas t\u00e9cnicas de contorno corporal en un solo tiempo quir\u00fargico para apuntar <b>brazos, pecho\/senos, torso lateral e incluso parte superior de la espalda<\/b>, tambi\u00e9n puede combinarse con liposucci\u00f3n para contornear la silueta, aunque la liposucci\u00f3n ser\u00e1 m\u00ednima para evitar la p\u00e9rdida de sangre.<\/p>\n<h6 style=\"text-align: center;\">TIEMPO QUIR\u00daRGICO: 6 HORAS<br \/>\nESTANCIA DE RECUPERACI\u00d3N: 7 NOCHES<br \/>\nTIEMPO DE RECUPERACI\u00d3N: 6 SEMANAS<\/h6>\n<p>[\/vc_column_text][\/vc_column_inner][vc_column_inner width=&#8221;1\/3&#8243;][vc_single_image image=&#8221;11770&#8243; img_size=&#8221;full&#8221;][vc_text_separator title=&#8221;Lifting de cuello (medio y completo)&#8221;][vc_column_text]<\/p>\n<p style=\"text-align: center;\">Combina distintas t\u00e9cnicas de contorno corporal en un solo tiempo quir\u00fargico para apuntar <b>brazos, pecho\/senos, torso lateral e incluso parte superior de la espalda<\/b>, tambi\u00e9n puede combinarse con liposucci\u00f3n para contornear la silueta, aunque la liposucci\u00f3n ser\u00e1 m\u00ednima para evitar la p\u00e9rdida de sangre.<\/p>\n<h6 style=\"text-align: center;\">TIEMPO QUIR\u00daRGICO: 6 HORAS<br \/>\nESTANCIA DE RECUPERACI\u00d3N: 7 NOCHES<br \/>\nTIEMPO DE RECUPERACI\u00d3N: 6 SEMANAS<\/h6>\n<p>[\/vc_column_text][\/vc_column_inner][\/vc_row_inner][\/vc_column][\/vc_row][vc_row][vc_column][vc_custom_heading text=&#8221;ANESTESIA&#8221; font_container=&#8221;tag:h2|font_size:20px|text_align:left|line_height:20px&#8221; google_fonts=&#8221;font_family:Lato%3A100%2C100italic%2C300%2C300italic%2Cregular%2Citalic%2C700%2C700italic%2C900%2C900italic|font_style:900%20bold%20regular%3A900%3Anormal&#8221;][vc_separator][vc_column_text]Se utiliza una combinaci\u00f3n de anestesia regional y sedaci\u00f3n intravenosa (crepuscular) en la que el paciente no est\u00e1 inconsciente, sino sedado, lo que permite al anestesista controlar los niveles de ox\u00edgeno en sangre, lo que es especialmente importante cuando se realiza la reparaci\u00f3n de los m\u00fasculos de la pared abdominal, ya que el paciente necesita respirar por s\u00ed mismo, algo que no puede conseguirse con anestesia general.<\/p>\n<p>Se inyecta un anest\u00e9sico local en el espacio epidural de la regi\u00f3n lumbar o sacra de la columna vertebral, la anestesia desaparecer\u00e1 unas horas despu\u00e9s del procedimiento sin los efectos negativos que suele producir la anestesia general, como n\u00e1useas, v\u00f3mitos, etc.<\/p>\n<p>\u00bfEstar\u00e1s despierto durante la intervenci\u00f3n? S\u00ed y no. Durante toda la intervenci\u00f3n, estar\u00e1s consciente, lo que significa que podr\u00e1s responder a \u00f3rdenes como abrir y cerrar la boca. Aunque, durante la sedaci\u00f3n crepuscular, estar\u00e1s en un estado somnoliento, parecido al sue\u00f1o.[\/vc_column_text][\/vc_column][\/vc_row][vc_row][vc_column][vc_custom_heading text=&#8221;RIESGOS&#8221; font_container=&#8221;tag:h2|font_size:20px|text_align:left|line_height:20px&#8221; google_fonts=&#8221;font_family:Lato%3A100%2C100italic%2C300%2C300italic%2Cregular%2Citalic%2C700%2C700italic%2C900%2C900italic|font_style:900%20bold%20regular%3A900%3Anormal&#8221;][vc_separator][vc_column_text]Aunque la Cirug\u00eda Pl\u00e1stica es un procedimiento electivo, no deja de ser una intervenci\u00f3n quir\u00fargica real y, por tanto, siempre existe un riesgo potencial de complicaciones, como en cualquier otro procedimiento importante, la TVP (trombosis venosa profunda), la EP (embolia pulmonar) o la TEV (tromboembolia venosa), que es una combinaci\u00f3n de ambas, son los riesgos m\u00e1s mortales y, por tanto, debes hablarlo con la Dra. C\u00e1rdenas detenidamente:[\/vc_column_text][vc_row_inner][vc_column_inner width=&#8221;1\/2&#8243;][vc_column_text]<\/p>\n<ul>\n<li>Asimetr\u00edas<\/li>\n<li>Hemorragia (hematoma)<\/li>\n<li>Necrosis grasa<\/li>\n<li>Necrosis cut\u00e1nea<\/li>\n<li>Acumulaci\u00f3n de l\u00edquido (seroma)<\/li>\n<li>Infecciones<\/li>\n<li>Mala cicatrizaci\u00f3n de la herida, dehiscencia o aperturas de la herida<\/li>\n<li>Entumecimiento u otros cambios en la sensibilidad de la piel<\/li>\n<li>Dolor, que puede persistir<\/li>\n<\/ul>\n<p>[\/vc_column_text][\/vc_column_inner][vc_column_inner width=&#8221;1\/2&#8243;][vc_column_text]<\/p>\n<ul>\n<li>Hinchaz\u00f3n persistente en las piernas<\/li>\n<li>Aflojamiento recurrente de la piel<\/li>\n<li>Decoloraci\u00f3n de la piel y\/o hinchaz\u00f3n prolongada<\/li>\n<li>Las suturas pueden aflorar espont\u00e1neamente a trav\u00e9s de la piel, hacerse visibles o producir irritaci\u00f3n y requerir su retirada<\/li>\n<li>Cicatrizaci\u00f3n desfavorable<\/li>\n<\/ul>\n<p>[\/vc_column_text][\/vc_column_inner][\/vc_row_inner][\/vc_column][\/vc_row][vc_row][vc_column][vc_custom_heading text=&#8221;\u00bfSE PUEDEN ERRADICAR COMPLETAMENTE LOS RIESGOS?&#8221; font_container=&#8221;tag:h2|font_size:20px|text_align:left|line_height:20px&#8221; google_fonts=&#8221;font_family:Lato%3A100%2C100italic%2C300%2C300italic%2Cregular%2Citalic%2C700%2C700italic%2C900%2C900italic|font_style:900%20bold%20regular%3A900%3Anormal&#8221;][vc_separator][vc_column_text]La respuesta honesta es <b>NO<\/b>, pero los riesgos pueden reducirse considerablemente si m\u00e9dico y paciente trabajan juntos; se te proporcionar\u00e1 una lista de ex\u00e1menes preoperatorios que deben realizarse antes de la cirug\u00eda y un protocolo de acciones que deber\u00e1s seguir para reducir los riesgos, pero el paciente debe ser siempre consciente de que los riesgos no pueden erradicarse por completo.<\/p>\n<p>Recuerda que los pacientes con AWL y especialmente los postbari\u00e1tricos tienen un mayor riesgo de complicaciones, por lo que deben seguirse con diligencia las instrucciones pre y postoperatorias.[\/vc_column_text][vc_row_inner][vc_column_inner width=&#8221;1\/12&#8243;][\/vc_column_inner][vc_column_inner width=&#8221;7\/12&#8243;][vc_single_image image=&#8221;11726&#8243; img_size=&#8221;full&#8221;][\/vc_column_inner][vc_column_inner width=&#8221;1\/4&#8243;][vc_empty_space height=&#8221;50px&#8221;][vc_column_text]*Basado en el an\u00e1lisis hist\u00f3rico de 247 pacientes de la Dra. Carmina C\u00e1rdenas, los procedimientos de todos los pacientes incluyeron liposucci\u00f3n, transferencia de grasa y aumento de colgajo aut\u00f3logo.[\/vc_column_text][vc_separator][vc_column_text]<em>*Dr. C\u00e1rdenas nunca ha tenido complicaciones mortales; la tasa media de complicaciones es del 45%.<\/em>[\/vc_column_text][\/vc_column_inner][vc_column_inner width=&#8221;1\/12&#8243;][\/vc_column_inner][\/vc_row_inner][\/vc_column][\/vc_row][vc_row][vc_column][vc_custom_heading text=&#8221;\u00bfDEBO PREOCUPARME POR EL RIESGO DE COMPLICACIONES?&#8221; font_container=&#8221;tag:h2|font_size:20px|text_align:left|line_height:20px&#8221; google_fonts=&#8221;font_family:Lato%3A100%2C100italic%2C300%2C300italic%2Cregular%2Citalic%2C700%2C700italic%2C900%2C900italic|font_style:900%20bold%20regular%3A900%3Anormal&#8221;][vc_separator][vc_column_text]El riesgo de complicaciones mortales en cirug\u00eda pl\u00e1stica (cuando se siguen las normas recomendadas) es inferior al 1%, lo que significa que la Cirug\u00eda Pl\u00e1stica es muy segura; Como se muestra en el cuadro anterior, pueden producirse otras complicaciones y son m\u00e1s frecuentes, \u00bfmerece la pena la cirug\u00eda pl\u00e1stica incluso despu\u00e9s de considerar esos riesgos?<\/p>\n<p>La Cirug\u00eda Pl\u00e1stica es una decisi\u00f3n muy personal; por lo tanto, es muy importante que conozcas a fondo los riesgos que conlleva y los beneficios que la cirug\u00eda pl\u00e1stica puede aportar a tu vida, la siguiente tabla representa las mejoras en la calidad de vida general que reportaron los pacientes que se operaron con la Dra. C\u00e1rdenas en los \u00faltimos 3 a\u00f1os.[\/vc_column_text][vc_row_inner][vc_column_inner width=&#8221;1\/12&#8243;][\/vc_column_inner][vc_column_inner width=&#8221;7\/12&#8243;][vc_single_image image=&#8221;11727&#8243; img_size=&#8221;full&#8221;][\/vc_column_inner][vc_column_inner width=&#8221;1\/4&#8243;][vc_empty_space height=&#8221;50px&#8221;][vc_column_text]*Se evalu\u00f3 la autoestima, el rendimiento y la vida sexual, las encuestas se realizaron s\u00f3lo entre los pacientes de la Dra. C\u00e1rdenas.[\/vc_column_text][vc_separator][\/vc_column_inner][vc_column_inner width=&#8221;1\/12&#8243;][\/vc_column_inner][\/vc_row_inner][\/vc_column][\/vc_row][vc_row][vc_column][vc_custom_heading text=&#8221;\u00bfC\u00d3MO PODEMOS (M\u00c9DICO Y PACIENTE) ESTAR MEJOR PREPARADOS PARA SUPERAR CON \u00c9XITO LAS COMPLICACIONES?&#8221; font_container=&#8221;tag:h2|font_size:20px|text_align:left|line_height:20px&#8221; google_fonts=&#8221;font_family:Lato%3A100%2C100italic%2C300%2C300italic%2Cregular%2Citalic%2C700%2C700italic%2C900%2C900italic|font_style:900%20bold%20regular%3A900%3Anormal&#8221;][vc_separator][vc_column_text]<\/p>\n<ol>\n<li>Seguir diligentemente las instrucciones pre y postoperatorias.<\/li>\n<li>Tener un plan de emergencia discutido que ambas partes puedan seguir en caso de complicaci\u00f3n (PCP de apoyo en casa, grupo de apoyo familiar o de amigos que puedan ayudarte en casa en caso de que necesites viajar de vuelta).<\/li>\n<li>Comunicaci\u00f3n y colaboraci\u00f3n constantes y abiertas.<\/li>\n<\/ol>\n<p>Todos nuestros pacientes tienen incluido un PLAN DE PROTECCI\u00d3N que puede cubrir hasta 3.500 dlls en gastos de tratamiento en caso de complicaci\u00f3n que requiera el regreso del paciente a nuestras instalaciones.[\/vc_column_text][\/vc_column][\/vc_row][vc_row full_width=&#8221;stretch_row&#8221; css=&#8221;.vc_custom_1622686028426{background-image: url(<a href=\"https:\/\/beauty-enhance.com\/wp-content\/uploads\/2021\/06\/bg_gray.png?id=8950\">https:\/\/beauty-enhance.com\/wp-content\/uploads\/2021\/06\/bg_gray.png?id=8950<\/a>) !important;background-position: center !important;background-repeat: no-repeat !important;background-size: cover !important;}&#8221;][vc_column][vc_empty_space height=&#8221;50px&#8221;][vc_custom_heading text=&#8221;NUESTROS SERVICIOS&#8221; font_container=&#8221;tag:h2|font_size:30px|text_align:center|color:%23ffffff|line_height:30px&#8221; google_fonts=&#8221;font_family:Lato%3A100%2C100italic%2C300%2C300italic%2Cregular%2Citalic%2C700%2C700italic%2C900%2C900italic|font_style:900%20bold%20regular%3A900%3Anormal&#8221;][vc_column_text css=&#8221;.vc_custom_1622685956145{margin-right: 20% !important;margin-left: 20% !important;}&#8221;]<\/p>\n<p style=\"text-align: center;\"><span style=\"color: #ffffff;\">Nuestros planes incluyen todo y est\u00e1n dise\u00f1ados para proporcionar la MEJOR experiencia posible, reduciendo la posibilidad de complicaciones, controlando tu nivel de dolor y promoviendo un mejor resultado mediante la nutrici\u00f3n, el descanso f\u00edsico y mental y el cuidado de las heridas.<\/span><\/p>\n<p>[\/vc_column_text][vc_row_inner][vc_column_inner width=&#8221;1\/4&#8243; offset=&#8221;vc_col-xs-6&#8243;][vc_single_image image=&#8221;12530&#8243; img_size=&#8221;full&#8221; alignment=&#8221;center&#8221; css=&#8221;&#8221;][vc_single_image image=&#8221;12532&#8243; img_size=&#8221;full&#8221; alignment=&#8221;center&#8221; css=&#8221;&#8221;][\/vc_column_inner][vc_column_inner width=&#8221;1\/4&#8243; offset=&#8221;vc_col-xs-6&#8243;][vc_single_image image=&#8221;12528&#8243; img_size=&#8221;full&#8221; alignment=&#8221;center&#8221; css=&#8221;&#8221;][vc_single_image image=&#8221;12536&#8243; img_size=&#8221;full&#8221; alignment=&#8221;center&#8221; css=&#8221;&#8221;][\/vc_column_inner][vc_column_inner width=&#8221;1\/4&#8243; offset=&#8221;vc_col-xs-6&#8243;][vc_single_image image=&#8221;12524&#8243; img_size=&#8221;full&#8221; alignment=&#8221;center&#8221; css=&#8221;&#8221;][vc_single_image image=&#8221;12526&#8243; img_size=&#8221;full&#8221; alignment=&#8221;center&#8221; css=&#8221;&#8221;][\/vc_column_inner][vc_column_inner width=&#8221;1\/4&#8243; offset=&#8221;vc_col-xs-6&#8243;][vc_single_image image=&#8221;12534&#8243; img_size=&#8221;full&#8221; alignment=&#8221;center&#8221; css=&#8221;&#8221;][vc_single_image image=&#8221;12538&#8243; img_size=&#8221;full&#8221; alignment=&#8221;center&#8221; css=&#8221;&#8221;][\/vc_column_inner][\/vc_row_inner][vc_empty_space height=&#8221;50px&#8221;][vc_btn title=&#8221;SOLICITA TU CONSULTA Y PRESUPUESTO&#8221; style=&#8221;flat&#8221; color=&#8221;white&#8221; size=&#8221;lg&#8221; align=&#8221;center&#8221; link=&#8221;url:https%3A%2F%2Fconsults.beauty-enhance.com%2F|&#8221;][vc_empty_space height=&#8221;50px&#8221;][\/vc_column][\/vc_row]<\/p>\n<\/div>","protected":false},"excerpt":{"rendered":"<p>[vc_row][vc_column width=&#8221;3\/4&#8243;][vc_empty_space][vc_column_text css=&#8221;&#8221;] Como todos sabemos en la actual cultura obsesionada por la juventud, tener un aspecto joven y vibrante no es s\u00f3lo cuesti\u00f3n de vanidad, sino de sentirse bien con uno mismo, lo que se traduce en una persona m\u00e1s joven, segura y bella. Los primeros signos de envejecimiento se reflejan en el cara [&hellip;]<\/p>\n","protected":false},"author":1,"featured_media":11570,"parent":12135,"menu_order":0,"comment_status":"closed","ping_status":"closed","template":"","meta":{"_acf_changed":false,"inline_featured_image":false,"footnotes":""},"class_list":["post-12142","page","type-page","status-publish","has-post-thumbnail","hentry"],"acf":[],"aioseo_notices":[],"jetpack_sharing_enabled":true,"_links":{"self":[{"href":"https:\/\/beauty-enhance.com\/es\/wp-json\/wp\/v2\/pages\/12142","targetHints":{"allow":["GET"]}}],"collection":[{"href":"https:\/\/beauty-enhance.com\/es\/wp-json\/wp\/v2\/pages"}],"about":[{"href":"https:\/\/beauty-enhance.com\/es\/wp-json\/wp\/v2\/types\/page"}],"author":[{"embeddable":true,"href":"https:\/\/beauty-enhance.com\/es\/wp-json\/wp\/v2\/users\/1"}],"replies":[{"embeddable":true,"href":"https:\/\/beauty-enhance.com\/es\/wp-json\/wp\/v2\/comments?post=12142"}],"version-history":[{"count":10,"href":"https:\/\/beauty-enhance.com\/es\/wp-json\/wp\/v2\/pages\/12142\/revisions"}],"predecessor-version":[{"id":12724,"href":"https:\/\/beauty-enhance.com\/es\/wp-json\/wp\/v2\/pages\/12142\/revisions\/12724"}],"up":[{"embeddable":true,"href":"https:\/\/beauty-enhance.com\/es\/wp-json\/wp\/v2\/pages\/12135"}],"wp:featuredmedia":[{"embeddable":true,"href":"https:\/\/beauty-enhance.com\/es\/wp-json\/wp\/v2\/media\/11570"}],"wp:attachment":[{"href":"https:\/\/beauty-enhance.com\/es\/wp-json\/wp\/v2\/media?parent=12142"}],"curies":[{"name":"wp","href":"https:\/\/api.w.org\/{rel}","templated":true}]}}