{"id":12163,"date":"2016-01-22T04:11:20","date_gmt":"2016-01-22T11:11:20","guid":{"rendered":"https:\/\/beauty-enhance.com\/pacientes-de-fuera-de-la-ciudad\/"},"modified":"2024-12-16T21:09:54","modified_gmt":"2024-12-17T04:09:54","slug":"pacientes-foraneos","status":"publish","type":"page","link":"https:\/\/beauty-enhance.com\/es\/pacientes-foraneos\/","title":{"rendered":"Pacientes for\u00e1neos"},"content":{"rendered":"<div class=\"wpb-content-wrapper\"><p>[vc_row][vc_column][vc_empty_space][vc_column_text css=&#8221;&#8221;]<span style=\"font-weight: 400;\">Si viajas desde el extranjero, lee la siguiente informaci\u00f3n importante:<\/span><\/p>\n<p><b>TRANSPORTE y NECESIDADES DE VIAJE:<\/b><\/p>\n<p><span style=\"font-weight: 400;\">Queremos que todo tu <strong>Viaje de Cirug\u00eda Pl\u00e1stica<\/strong> sea una maravillosa experiencia sin estr\u00e9s de principio a fin. Para tu comodidad y seguridad, nuestro ch\u00f3fer y nuestra furgoneta te recoger\u00e1n en el aeropuerto de San Diego, la estaci\u00f3n de tren, la terminal de autobuses o la frontera de San Ysidro. Una <a href=\"\/es\/?page_id=12109\">simple llamada telef\u00f3nica<\/a> se encargar\u00e1 de tus necesidades de transporte mientras est\u00e9s a nuestro cuidado.  <\/span><\/p>\n<p><b>DOCUMENTOS NECESARIOS PARA VIAJAR FUERA DE TU PA\u00cdS:<\/b><\/p>\n<p><span style=\"font-weight: 400;\">Para viajar a trav\u00e9s de la Frontera, se recomienda encarecidamente llevar el Pasaporte y una prueba de ciudadan\u00eda, seg\u00fan el Departamento de Seguridad Nacional. Para saber m\u00e1s sobre la documentaci\u00f3n autorizada, visita:   <\/span><a href=\"https:\/\/travel.state.gov\/content\/travel\/en.html\"><span style=\"font-weight: 400;\">http:\/\/travel.state.gov\/content\/travel\/en.html<\/span><\/a><\/p>\n<p><b>INFORMACI\u00d3N ADICIONAL IMPORTANTE:<\/b><\/p>\n<p><span style=\"font-weight: 400;\">Es importante que notifiques a tu banco que vas a estar fuera del pa\u00eds por si necesitas utilizar tu tarjeta de cr\u00e9dito o un cajero autom\u00e1tico para retirar dinero.<\/span><\/p>\n<p><span style=\"font-weight: 400;\">Adem\u00e1s, para minimizar tus gastos, ponte en contacto con tu proveedor de telefon\u00eda m\u00f3vil y preg\u00fantale sobre cualquier plan internacional o solicita una tarifa especial de itinerancia, de lo contrario recibir\u00e1s tarifas de itinerancia por minuto muy elevadas.  <\/span><\/p>\n<p><strong>La Dra. Carmina<\/strong> exige a sus pacientes que se alojen en el Centro de Recuperaci\u00f3n donde no se permiten acompa\u00f1antes, si un familiar o amigo va a viajar contigo, podemos recomendarte algunas alternativas para su alojamiento, ten en cuenta que s\u00f3lo podr\u00e1n visitarte durante las horas de visita permitidas. Nuestro personal puede ayudarte a hacer los arreglos necesarios. <\/p>\n<p><a href=\"\/es\/?page_id=12109\"><span style=\"font-weight: 400;\">Si tienes preguntas o necesitas m\u00e1s informaci\u00f3n, estamos siempre a tu disposici\u00f3n, ll\u00e1manos o env\u00edanos un correo electr\u00f3nico.<\/span><\/a>[\/vc_column_text][vc_separator][\/vc_column][\/vc_row][vc_row border_width=&#8221;0&#8243; margin_top=&#8221;0&#8243; margin_bottom=&#8221;0&#8243; margin_left=&#8221;0&#8243; margin_right=&#8221;0&#8243; padding_top=&#8221;0&#8243; padding_bottom=&#8221;0&#8243; padding_left=&#8221;0&#8243; padding_right=&#8221;0&#8243;][vc_column width=&#8221;1\/4&#8243;][vc_single_image image=&#8221;11862&#8243; img_size=&#8221;700&#215;900&#8243;][\/vc_column][vc_column width=&#8221;1\/4&#8243;][vc_empty_space][vc_single_image image=&#8221;11855&#8243; img_size=&#8221;250&#215;100&#8243;][vc_column_text css=&#8221;.vc_custom_1653507846266{margin-top: 0px !important;margin-right: 0px !important;margin-bottom: 0px !important;margin-left: 0px !important;border-top-width: 0px !important;border-right-width: 0px !important;border-bottom-width: 0px !important;border-left-width: 0px !important;padding-top: 0px !important;padding-right: 0px !important;padding-bottom: 0px !important;padding-left: 0px !important;}&#8221;]P\u00c1GINA WEB: <a href=\"https:\/\/www.quartzhotel.mx\/\">https:\/\/www.quartzhotel.mx<\/a><br \/>\nDIRECCI\u00d3N: P.\u00ba del Centenario 4210, Zona Urbana R\u00edo Tijuana, 22320 Tijuana, B.C.<br \/>\nTEL\u00c9FONO: +52 664 862 8200[\/vc_column_text][\/vc_column][vc_column width=&#8221;1\/4&#8243;][vc_single_image image=&#8221;11878&#8243; img_size=&#8221;700&#215;900&#8243;][\/vc_column][vc_column width=&#8221;1\/4&#8243;][vc_empty_space][vc_single_image image=&#8221;11877&#8243; img_size=&#8221;250&#215;100&#8243;][vc_column_text css=&#8221;.vc_custom_1653507822097{margin-top: 0px !important;margin-right: 0px !important;margin-bottom: 0px !important;margin-left: 0px !important;border-top-width: 0px !important;border-right-width: 0px !important;border-bottom-width: 0px !important;border-left-width: 0px !important;padding-top: 0px !important;padding-right: 0px !important;padding-bottom: 0px !important;padding-left: 0px !important;}&#8221;]P\u00c1GINA WEB: <a href=\"https:\/\/all.accor.com\/hotel\/A0V4\/index.es.shtml\">https:\/\/all.accor.com<\/a><br \/>\nDIRECCI\u00d3N: Blvrd Gral R. S\u00e1nchez Taboada 9170, Zona Urbana R\u00edo Tijuana, 22010 Tijuana, B.C<br \/>\nTEL\u00c9FONO: +52 664 512 0600[\/vc_column_text][\/vc_column][\/vc_row][vc_row][vc_column][vc_empty_space][\/vc_column][\/vc_row]<\/p>\n<\/div>","protected":false},"excerpt":{"rendered":"<p>[vc_row][vc_column][vc_empty_space][vc_column_text css=&#8221;&#8221;]Si viajas desde el extranjero, lee la siguiente informaci\u00f3n importante: TRANSPORTE y NECESIDADES DE VIAJE: Queremos que todo tu Viaje de Cirug\u00eda Pl\u00e1stica sea una maravillosa experiencia sin estr\u00e9s de principio a fin. Para tu comodidad y seguridad, nuestro ch\u00f3fer y nuestra furgoneta te recoger\u00e1n en el aeropuerto de San Diego, la estaci\u00f3n de [&hellip;]<\/p>\n","protected":false},"author":1,"featured_media":11570,"parent":0,"menu_order":7,"comment_status":"closed","ping_status":"closed","template":"","meta":{"_acf_changed":false,"inline_featured_image":false,"footnotes":""},"class_list":["post-12163","page","type-page","status-publish","has-post-thumbnail","hentry"],"acf":[],"aioseo_notices":[],"jetpack_sharing_enabled":true,"_links":{"self":[{"href":"https:\/\/beauty-enhance.com\/es\/wp-json\/wp\/v2\/pages\/12163","targetHints":{"allow":["GET"]}}],"collection":[{"href":"https:\/\/beauty-enhance.com\/es\/wp-json\/wp\/v2\/pages"}],"about":[{"href":"https:\/\/beauty-enhance.com\/es\/wp-json\/wp\/v2\/types\/page"}],"author":[{"embeddable":true,"href":"https:\/\/beauty-enhance.com\/es\/wp-json\/wp\/v2\/users\/1"}],"replies":[{"embeddable":true,"href":"https:\/\/beauty-enhance.com\/es\/wp-json\/wp\/v2\/comments?post=12163"}],"version-history":[{"count":7,"href":"https:\/\/beauty-enhance.com\/es\/wp-json\/wp\/v2\/pages\/12163\/revisions"}],"predecessor-version":[{"id":12576,"href":"https:\/\/beauty-enhance.com\/es\/wp-json\/wp\/v2\/pages\/12163\/revisions\/12576"}],"wp:featuredmedia":[{"embeddable":true,"href":"https:\/\/beauty-enhance.com\/es\/wp-json\/wp\/v2\/media\/11570"}],"wp:attachment":[{"href":"https:\/\/beauty-enhance.com\/es\/wp-json\/wp\/v2\/media?parent=12163"}],"curies":[{"name":"wp","href":"https:\/\/api.w.org\/{rel}","templated":true}]}}