{"id":12269,"date":"2018-11-06T18:19:06","date_gmt":"2018-11-07T01:19:06","guid":{"rendered":"https:\/\/beauty-enhance.com\/consultas\/"},"modified":"2024-12-09T22:41:23","modified_gmt":"2024-12-10T05:41:23","slug":"consultas","status":"publish","type":"page","link":"https:\/\/beauty-enhance.com\/es\/consultas\/","title":{"rendered":"Consultas"},"content":{"rendered":"<div class=\"wpb-content-wrapper\"><p>[vc_row row_type=&#8221;row_full_center_content&#8221; bg_color=&#8221;rgba(255,255,255,0.3)&#8221; bg_image=&#8221;6822&#8243; bg_size=&#8221;cover&#8221; row_parallax=&#8221;false&#8221; row_color_overlay=&#8221;rgba(255,255,255,0.7)&#8221;][vc_column width=&#8221;1\/6&#8243;][\/vc_column][vc_column width=&#8221;2\/3&#8243;][vc_empty_space height=&#8221;80px&#8221;][vc_column_text]<\/p>\n<p style=\"text-align: center;\">Por favor, selecciona el tipo de consulta de tu inter\u00e9s, una vez que lo hayas seleccionado no se podr\u00e1 cambiar, as\u00ed que elige con cuidado.<\/p>\n<p>[\/vc_column_text][\/vc_column][vc_column width=&#8221;1\/6&#8243;][\/vc_column][vc_column][vc_row_inner][vc_column_inner width=&#8221;1\/3&#8243;][\/vc_column_inner][vc_column_inner width=&#8221;1\/3&#8243;][vc_btn title=&#8221;CONSULTA VIRTUAL O IN&apos;PERSONA `{`EN`}&#8220;&#8221; style=&#8221;flat&#8221; color=&#8221;black&#8221; link=&#8221;url:https%3A%2F%2Fconsults.beauty-enhance.com%2F|&#8221;][vc_btn title=&#8221;CONSULTA VIRTUAL O PRESENCIAL `{`ES`}`&#8221; style=&#8221;flat&#8221; color=&#8221;black&#8221; link=&#8221;url:https%3A%2F%2Fconsults.beauty-enhance.com%2Fes|&#8221;][vc_btn title=&#8221;CONSULTA BARI\u00c1TRICA `{`ES`}`&#8221; style=&#8221;flat&#8221; color=&#8221;black&#8221; link=&#8221;url:https%3A%2F%2Fconsults.beauty-enhance.com%2Fbariatric%2F|&#8221;][vc_btn title=&#8221;CONSULTA BARI\u00c1TRICA `{`ES`}`&#8221; style=&#8221;flat&#8221; color=&#8221;black&#8221; link=&#8221;url:https%3A%2F%2Fconsults.beauty-enhance.com%2Fes%2Fconsulta-bariatrica%2F|&#8221;][vc_btn title=&#8221;OTROS PAGOS DE SERVICIOS `{`ES`}`&#8221; style=&#8221;flat&#8221; color=&#8221;black&#8221; link=&#8221;url:https%3A%2F%2Fconsults.beauty-enhance.com%2Fpayment%2F|&#8221;][vc_btn title=&#8221;PAGOS DE OTROS SERVICIOS `{`ES`}`&#8221; style=&#8221;flat&#8221; color=&#8221;black&#8221; link=&#8221;url:https%3A%2F%2Fconsults.beauty-enhance.com%2Fes%2Fpagos%2F|&#8221;][\/vc_column_inner][vc_column_inner width=&#8221;1\/3&#8243;][\/vc_column_inner][\/vc_row_inner][\/vc_column][\/vc_row][vc_row][vc_column][vc_empty_space height=&#8221;80px&#8221;][\/vc_column][\/vc_row]<\/p>\n<\/div>","protected":false},"excerpt":{"rendered":"<p>[vc_row row_type=&#8221;row_full_center_content&#8221; bg_color=&#8221;rgba(255,255,255,0.3)&#8221; bg_image=&#8221;6822&#8243; bg_size=&#8221;cover&#8221; row_parallax=&#8221;false&#8221; row_color_overlay=&#8221;rgba(255,255,255,0.7)&#8221;][vc_column width=&#8221;1\/6&#8243;][\/vc_column][vc_column width=&#8221;2\/3&#8243;][vc_empty_space height=&#8221;80px&#8221;][vc_column_text] Por favor, selecciona el tipo de consulta de tu inter\u00e9s, una vez que lo hayas seleccionado no se podr\u00e1 cambiar, as\u00ed que elige con cuidado. [\/vc_column_text][\/vc_column][vc_column width=&#8221;1\/6&#8243;][\/vc_column][vc_column][vc_row_inner][vc_column_inner width=&#8221;1\/3&#8243;][\/vc_column_inner][vc_column_inner width=&#8221;1\/3&#8243;][vc_btn title=&#8221;CONSULTA VIRTUAL O IN&apos;PERSONA `{`EN`}&#8220;&#8221; style=&#8221;flat&#8221; color=&#8221;black&#8221; link=&#8221;url:https%3A%2F%2Fconsults.beauty-enhance.com%2F|&#8221;][vc_btn title=&#8221;CONSULTA VIRTUAL O PRESENCIAL `{`ES`}`&#8221; style=&#8221;flat&#8221; color=&#8221;black&#8221; link=&#8221;url:https%3A%2F%2Fconsults.beauty-enhance.com%2Fes|&#8221;][vc_btn [&hellip;]<\/p>\n","protected":false},"author":1,"featured_media":11570,"parent":0,"menu_order":4,"comment_status":"closed","ping_status":"closed","template":"","meta":{"_acf_changed":false,"inline_featured_image":false,"footnotes":""},"class_list":["post-12269","page","type-page","status-publish","has-post-thumbnail","hentry"],"acf":[],"aioseo_notices":[],"jetpack_sharing_enabled":true,"_links":{"self":[{"href":"https:\/\/beauty-enhance.com\/es\/wp-json\/wp\/v2\/pages\/12269","targetHints":{"allow":["GET"]}}],"collection":[{"href":"https:\/\/beauty-enhance.com\/es\/wp-json\/wp\/v2\/pages"}],"about":[{"href":"https:\/\/beauty-enhance.com\/es\/wp-json\/wp\/v2\/types\/page"}],"author":[{"embeddable":true,"href":"https:\/\/beauty-enhance.com\/es\/wp-json\/wp\/v2\/users\/1"}],"replies":[{"embeddable":true,"href":"https:\/\/beauty-enhance.com\/es\/wp-json\/wp\/v2\/comments?post=12269"}],"version-history":[{"count":4,"href":"https:\/\/beauty-enhance.com\/es\/wp-json\/wp\/v2\/pages\/12269\/revisions"}],"predecessor-version":[{"id":12395,"href":"https:\/\/beauty-enhance.com\/es\/wp-json\/wp\/v2\/pages\/12269\/revisions\/12395"}],"wp:featuredmedia":[{"embeddable":true,"href":"https:\/\/beauty-enhance.com\/es\/wp-json\/wp\/v2\/media\/11570"}],"wp:attachment":[{"href":"https:\/\/beauty-enhance.com\/es\/wp-json\/wp\/v2\/media?parent=12269"}],"curies":[{"name":"wp","href":"https:\/\/api.w.org\/{rel}","templated":true}]}}